{"id":91,"date":"2020-02-22T19:34:35","date_gmt":"2020-02-22T19:34:35","guid":{"rendered":"http:\/\/192.168.12.95\/wordpress\/?page_id=91"},"modified":"2020-03-09T16:14:14","modified_gmt":"2020-03-09T16:14:14","slug":"grado-1","status":"publish","type":"page","link":"https:\/\/www.cenais.gob.cu\/cenais\/?page_id=91","title":{"rendered":"Grado 1"},"content":{"rendered":"<h2 class=\"contentheading\" style=\"text-align: center;\">Grado 1<\/h2>\n<div class=\"content-links\" style=\"text-align: center;\"><\/div>\n<p style=\"text-align: center;\">Sin da\u00f1o o da\u00f1o leve (Sin da\u00f1o estructural, da\u00f1o no estructural leve) .<\/p>\n<p style=\"text-align: center;\"><strong>Da\u00f1o a edificios de mamposter\u00eda:<\/strong><\/p>\n<p style=\"text-align: center;\"><img decoding=\"async\" class=\"aligncenter\" src=\"http:\/\/www.cenais.cu\/wordpress\/wp-content\/themes\/typist\/img\/paginavieja\/Grado 1.1.JPG\" alt=\"\" \/><\/p>\n<p>&nbsp;<\/p>\n<p style=\"text-align: center;\">Grietas muy delgadas en muy pocos muros.<\/p>\n<p style=\"text-align: center;\">Ca\u00edda de peque\u00f1os pedazos de repello.<\/p>\n<p style=\"text-align: center;\">Ca\u00edda de rocas sueltas desde la parte alta de edificios en muy pocos casos.<\/p>\n<p>&nbsp;<\/p>\n<p style=\"text-align: center;\"><strong>Da\u00f1o a edificios de concreto reforzado<\/strong><\/p>\n<p style=\"text-align: center;\"><img decoding=\"async\" class=\"aligncenter\" src=\"http:\/\/www.cenais.cu\/cenais\/wp-content\/themes\/typist\/img\/paginavieja\/Grado 1.2.JPG\" alt=\"\" \/><\/p>\n<p style=\"text-align: center;\">Grietas delgadas en el repello sobre miembros del marco o en la base de los muros.<\/p>\n<p style=\"text-align: center;\">Fine cracks in partitions and infills.<\/p>\n","protected":false},"excerpt":{"rendered":"<p>Grado 1 Sin da\u00f1o o da\u00f1o leve (Sin da\u00f1o estructural, da\u00f1o no estructural leve) . Da\u00f1o a edificios de mamposter\u00eda: &nbsp; Grietas muy delgadas en muy pocos muros. Ca\u00edda de peque\u00f1os pedazos de repello. Ca\u00edda de rocas sueltas desde la parte alta de edificios en muy pocos casos. &nbsp; Da\u00f1o a edificios de concreto reforzado [&hellip;]<\/p>\n","protected":false},"author":1,"featured_media":0,"parent":0,"menu_order":0,"comment_status":"closed","ping_status":"closed","template":"","meta":{"footnotes":""},"class_list":["post-91","page","type-page","status-publish","hentry"],"_links":{"self":[{"href":"https:\/\/www.cenais.gob.cu\/cenais\/index.php?rest_route=\/wp\/v2\/pages\/91","targetHints":{"allow":["GET"]}}],"collection":[{"href":"https:\/\/www.cenais.gob.cu\/cenais\/index.php?rest_route=\/wp\/v2\/pages"}],"about":[{"href":"https:\/\/www.cenais.gob.cu\/cenais\/index.php?rest_route=\/wp\/v2\/types\/page"}],"author":[{"embeddable":true,"href":"https:\/\/www.cenais.gob.cu\/cenais\/index.php?rest_route=\/wp\/v2\/users\/1"}],"replies":[{"embeddable":true,"href":"https:\/\/www.cenais.gob.cu\/cenais\/index.php?rest_route=%2Fwp%2Fv2%2Fcomments&post=91"}],"version-history":[{"count":6,"href":"https:\/\/www.cenais.gob.cu\/cenais\/index.php?rest_route=\/wp\/v2\/pages\/91\/revisions"}],"predecessor-version":[{"id":456,"href":"https:\/\/www.cenais.gob.cu\/cenais\/index.php?rest_route=\/wp\/v2\/pages\/91\/revisions\/456"}],"wp:attachment":[{"href":"https:\/\/www.cenais.gob.cu\/cenais\/index.php?rest_route=%2Fwp%2Fv2%2Fmedia&parent=91"}],"curies":[{"name":"wp","href":"https:\/\/api.w.org\/{rel}","templated":true}]}}