{"id":651,"date":"2020-04-09T15:55:34","date_gmt":"2020-04-09T15:55:34","guid":{"rendered":"http:\/\/www.cenais.cu\/cenais\/?page_id=651"},"modified":"2023-03-22T16:09:23","modified_gmt":"2023-03-22T16:09:23","slug":"sismocuba-apk","status":"publish","type":"page","link":"https:\/\/www.cenais.gob.cu\/cenais\/?page_id=651","title":{"rendered":"SismoCuba apk para la Poblaci\u00f3n Cubana"},"content":{"rendered":"<p><img loading=\"lazy\" decoding=\"async\" class=\"aligncenter\" src=\"http:\/\/www.cenais.cu\/cenais\/wp-content\/themes\/typist\/img\/sismocuba\/ayuda.png\" alt=\"\" width=\"146\" height=\"101\" \/><\/p>\n<figure style=\"width: 100px\" class=\"wp-caption alignleft\"><img loading=\"lazy\" decoding=\"async\" src=\"http:\/\/www.cenais.cu\/cenais\/wp-content\/themes\/typist\/img\/descarga\/icons8-android-100.png\" alt=\"\" width=\"100\" height=\"100\" \/><figcaption class=\"wp-caption-text\"><a style=\"margin-left: 0px; color: black;\" href=\"\/cenais\/wp-content\/uploads\/2020\/04\/SismoCuba.apk\" target=\"_blank\" rel=\"noopener\">Descargar Apk Sismo Cuba<\/a><\/figcaption><\/figure>\n<figure style=\"width: 80px\" class=\"wp-caption alignright\"><img loading=\"lazy\" decoding=\"async\" src=\"http:\/\/www.cenais.cu\/cenais\/wp-content\/themes\/typist\/img\/descarga\/icons8-pdf-80.png\" alt=\"\" width=\"80\" height=\"80\" \/><figcaption class=\"wp-caption-text\"><a style=\"margin-left: 0px; color: black;\" href=\"\/cenais\/wp-content\/uploads\/2020\/04\/Plantilla-Manual-de-usuario_SismoCuba_Movil.pdf\" target=\"_blank\" rel=\"noopener\">Descargar Ayuda<\/a><\/figcaption><\/figure>\n<p>&nbsp;<\/p>\n<p>&nbsp;<\/p>\n<p>&nbsp;<\/p>\n<p>&nbsp;<\/p>\n<p>&nbsp;<\/p>\n<p>&nbsp;<\/p>\n<p>&nbsp;<\/p>\n<p><strong>Introducci\u00f3n <\/strong><\/p>\n<p style=\"text-align: justify;\">En este documento se brindar\u00e1 toda la informaci\u00f3n necesaria para el usuario que trabajar\u00e1 con la aplicaci\u00f3n m\u00f3vil SimoCuba. Podr\u00e1 conocer acerca de las funcionalidades que brinda cada opci\u00f3n que integra el sistema con una breve descripci\u00f3n que facilite su comprensi\u00f3n.<\/p>\n<p><strong>Prop\u00f3sito<\/strong><\/p>\n<p style=\"text-align: justify;\">El presente Manual de Usuario facilitar\u00e1 a los usuarios el trabajo con la aplicaci\u00f3n. Explica cu\u00e1les son las funcionalidades que ofrece en sus m\u00f3dulos, ilustrando las mismas con capturas de pantalla de la aplicaci\u00f3n.<\/p>\n<p><strong>Alcance<\/strong><\/p>\n<p>Lo expuesto en este documento es v\u00e1lido para la aplicaci\u00f3n m\u00f3vil de SismoCuba versi\u00f3n 1.0<\/p>\n<p><strong>Descripci\u00f3n del Producto<\/strong><\/p>\n<p style=\"text-align: justify;\">La apk m\u00f3vil SismoCuba es una aplicaci\u00f3n para que dispositivos m\u00f3viles puedan acceder a informaci\u00f3n referente a los eventos sismol\u00f3gicos registrados y conocer todos los datos asociados al mismo. La misma presenta varias funcionalidades asociadas a los intereses de los usuarios: Listado de sismos, Mapa y Reportar Sismo sentido.<\/p>\n<p><strong>SismoCuba<\/strong><\/p>\n<p style=\"text-align: justify;\">Una vez instala la aplicaci\u00f3n m\u00f3vil y la carpeta \u201cmaps\u201d que contiene el fichero del mapa, ubicado en el directorio ra\u00edz del celular, se puede ejecutar la misma<\/p>\n<p>&nbsp;<\/p>\n<h3><strong>1.0 Wizard<\/strong><\/h3>\n<p style=\"text-align: justify;\">La primera vez que se ejecuta la aplicaci\u00f3n se visualizan estas pantallas que le muestran al usuario algunas de las funcionalidades de la aplicaci\u00f3n con las cuales \u00e9l podr\u00e1 interactuar.<\/p>\n<p><img loading=\"lazy\" decoding=\"async\" class=\"aligncenter\" src=\"http:\/\/www.cenais.cu\/cenais\/wp-content\/themes\/typist\/img\/sismocuba\/app2.png\" alt=\"\" width=\"343\" height=\"261\" \/><\/p>\n<h3><strong>2.1 Listado de Sismos<\/strong><\/h3>\n<p style=\"text-align: justify;\">Esta es la primera funcionalidad con la que el usuario puede interactuar. Al iniciarse la aplicaci\u00f3n se actualizara automaticamente la lista de sismos, pero recuerde activar los datos m\u00f3viles o conectarse a una wifi. Cada vez que se quiera actualizar la lista de sismos, el usuario debe presionar el bot\u00f3n<\/p>\n<p style=\"text-align: justify;\"><img loading=\"lazy\" decoding=\"async\" class=\"aligncenter\" src=\"http:\/\/www.cenais.cu\/cenais\/wp-content\/themes\/typist\/img\/sismocuba\/boton.png\" alt=\"\" width=\"45\" height=\"77\" \/><\/p>\n<p style=\"text-align: justify;\">y si hay unas respuesta del servidor del CENAIS, se mostrar\u00e1 un listado con los eventos sismol\u00f3gicos ocurridos en los \u00faltimos 4 d\u00edas.<\/p>\n<p><img loading=\"lazy\" decoding=\"async\" class=\"aligncenter\" src=\"http:\/\/www.cenais.cu\/cenais\/wp-content\/themes\/typist\/img\/sismocuba\/app3.png\" alt=\"\" width=\"288\" height=\"313\" \/><\/p>\n<h3><strong>2.2 Mapa<\/strong><\/h3>\n<p style=\"text-align: justify;\">En esta funcionalidad el usuario podr\u00e1 visualizar en el mapa todos los eventos sismol\u00f3gicos ocurridos y que se muestran en el listado anterior. Se muestra en otro color el \u00edcono del \u00faltimo sismo registrado. El usuario tambi\u00e9n puede, desde el listado de sismos, seleccionar uno y el mismo se mostrar\u00e1 en el mapa con un color rojo identific\u00e1ndolo. Adem\u00e1s puede seleccionar un epicentro en el mapa y le mostrar\u00e1 la informaci\u00f3n asociada.<\/p>\n<p><img loading=\"lazy\" decoding=\"async\" class=\"aligncenter\" src=\"http:\/\/www.cenais.cu\/cenais\/wp-content\/themes\/typist\/img\/sismocuba\/app4.png\" alt=\"\" width=\"203\" height=\"465\" \/>\u00a0\u00a0\u00a0\u00a0\u00a0\u00a0\u00a0\u00a0\u00a0\u00a0 <img loading=\"lazy\" decoding=\"async\" class=\"aligncenter\" src=\"http:\/\/www.cenais.cu\/cenais\/wp-content\/themes\/typist\/img\/sismocuba\/SismoCuba11.jpg\" alt=\"\" width=\"214\" height=\"464\" \/><\/p>\n<h3><strong>2.3 Sismo Sentido<\/strong><\/h3>\n<p style=\"text-align: justify;\">En esta opci\u00f3n el usuario podr\u00e1 seleccionar el nivel de Intensidad de un sismo sentido, cada nivel tiene una peque\u00f1a descripci\u00f3n para que el usuario pueda leerla y de esta manera seleccionar la Intensidad que m\u00e1s se ajusta a lo que sinti\u00f3. Luego debe seleccionar el bot\u00f3n \u201cYo sent\u00ed esto\u201d.<\/p>\n<p><img loading=\"lazy\" decoding=\"async\" class=\"aligncenter\" src=\"http:\/\/www.cenais.cu\/cenais\/wp-content\/themes\/typist\/img\/sismocuba\/app5.png\" alt=\"\" width=\"194\" height=\"443\" \/><\/p>\n<h3><strong>2.3.1 Reportar Sismo Sentido<\/strong><\/h3>\n<p style=\"text-align: justify;\">Despu\u00e9s que el usuario presiona el bot\u00f3n \u201cYo sent\u00ed esto\u201d, aparece una pantalla con el nivel de intensidad seleccionado. El usuario deber\u00e1 seleccionar el evento que desea reportar y en el listado de municipio, en cual \u00e9l se encuentra. Luego presiona el bot\u00f3n \u201cEnviar reporte\u201d.<\/p>\n<p><img loading=\"lazy\" decoding=\"async\" class=\"aligncenter\" src=\"http:\/\/www.cenais.cu\/cenais\/wp-content\/themes\/typist\/img\/sismocuba\/SismoCuba12.jpg\" alt=\"\" width=\"221\" height=\"478\" \/><\/p>\n<h3><strong>3.1 Configuraci\u00f3n<\/strong><\/h3>\n<p style=\"text-align: justify;\">La opci\u00f3n de configuraci\u00f3n se encuentra en el men\u00fa de la aplicaci\u00f3n. En la misma el usuario puede configurar la magnitud de los eventos que desea que se le visualicen y el tiempo de ocurrencia de los mismos.<\/p>\n<p><img loading=\"lazy\" decoding=\"async\" class=\"aligncenter\" src=\"http:\/\/www.cenais.cu\/cenais\/wp-content\/themes\/typist\/img\/sismocuba\/SismoCuba1.jpg\" alt=\"\" width=\"247\" height=\"530\" \/><\/p>\n<h3><strong>3.2 Escala de Intensidad<\/strong><\/h3>\n<p>En esta opci\u00f3n se le muestra al usuario un listado con los niveles de intensidad de los sismos y una descripci\u00f3n de los mismos<\/p>\n<p><img loading=\"lazy\" decoding=\"async\" class=\"aligncenter\" src=\"http:\/\/www.cenais.cu\/cenais\/wp-content\/themes\/typist\/img\/sismocuba\/app8.png\" alt=\"\" width=\"257\" height=\"588\" \/><\/p>\n<h3><strong>3.3 \u00bfQue Hacer?<\/strong><\/h3>\n<p>En esta opci\u00f3n del men\u00fa, el usuario puede conocer algunos consejos de c\u00f3mo proceder antes , durante y despu\u00e9s de un sismo.<\/p>\n<p>&nbsp;<\/p>\n<p><img loading=\"lazy\" decoding=\"async\" class=\"aligncenter\" src=\"http:\/\/www.cenais.cu\/cenais\/wp-content\/themes\/typist\/img\/sismocuba\/SismoCuba3.jpg\" alt=\"\" width=\"295\" height=\"628\" \/><\/p>\n<h3><strong>3.4\u00a0 Terremotos Hist\u00f3ricos<\/strong><\/h3>\n<p><img loading=\"lazy\" decoding=\"async\" class=\"aligncenter\" src=\"http:\/\/www.cenais.cu\/cenais\/wp-content\/themes\/typist\/img\/sismocuba\/SismoCuba2.jpg\" alt=\"\" width=\"305\" height=\"653\" \/><\/p>\n","protected":false},"excerpt":{"rendered":"<p>&nbsp; &nbsp; &nbsp; &nbsp; &nbsp; &nbsp; &nbsp; Introducci\u00f3n En este documento se brindar\u00e1 toda la informaci\u00f3n necesaria para el usuario que trabajar\u00e1 con la aplicaci\u00f3n m\u00f3vil SimoCuba. Podr\u00e1 conocer acerca de las funcionalidades que brinda cada opci\u00f3n que integra el sistema con una breve descripci\u00f3n que facilite su comprensi\u00f3n. Prop\u00f3sito El presente Manual de Usuario [&hellip;]<\/p>\n","protected":false},"author":1,"featured_media":0,"parent":0,"menu_order":0,"comment_status":"closed","ping_status":"closed","template":"","meta":{"footnotes":""},"class_list":["post-651","page","type-page","status-publish","hentry"],"_links":{"self":[{"href":"https:\/\/www.cenais.gob.cu\/cenais\/index.php?rest_route=\/wp\/v2\/pages\/651","targetHints":{"allow":["GET"]}}],"collection":[{"href":"https:\/\/www.cenais.gob.cu\/cenais\/index.php?rest_route=\/wp\/v2\/pages"}],"about":[{"href":"https:\/\/www.cenais.gob.cu\/cenais\/index.php?rest_route=\/wp\/v2\/types\/page"}],"author":[{"embeddable":true,"href":"https:\/\/www.cenais.gob.cu\/cenais\/index.php?rest_route=\/wp\/v2\/users\/1"}],"replies":[{"embeddable":true,"href":"https:\/\/www.cenais.gob.cu\/cenais\/index.php?rest_route=%2Fwp%2Fv2%2Fcomments&post=651"}],"version-history":[{"count":50,"href":"https:\/\/www.cenais.gob.cu\/cenais\/index.php?rest_route=\/wp\/v2\/pages\/651\/revisions"}],"predecessor-version":[{"id":1846,"href":"https:\/\/www.cenais.gob.cu\/cenais\/index.php?rest_route=\/wp\/v2\/pages\/651\/revisions\/1846"}],"wp:attachment":[{"href":"https:\/\/www.cenais.gob.cu\/cenais\/index.php?rest_route=%2Fwp%2Fv2%2Fmedia&parent=651"}],"curies":[{"name":"wp","href":"https:\/\/api.w.org\/{rel}","templated":true}]}}