{"id":64,"date":"2020-02-20T17:21:53","date_gmt":"2020-02-20T17:21:53","guid":{"rendered":"http:\/\/192.168.12.95\/wordpress\/?page_id=64"},"modified":"2020-03-09T16:24:50","modified_gmt":"2020-03-09T16:24:50","slug":"linea-de-investigacion-del-grupo-de-vulnerabilidad-sismica","status":"publish","type":"page","link":"https:\/\/www.cenais.gob.cu\/cenais\/?page_id=64","title":{"rendered":"L\u00ednea de investigaci\u00f3n del Grupo de Vulnerabilidad S\u00edsmica."},"content":{"rendered":"<p>&nbsp;<\/p>\n<p><img decoding=\"async\" class=\"aligncenter\" src=\"http:\/\/www.cenais.cu\/cenais\/wp-content\/themes\/typist\/img\/paginavieja\/Vulnerabilidad.JPG\" alt=\"\" \/><\/p>\n<ol>\n<li>An\u00e1lisis de acelerogramas y obtenci\u00f3n a partir de ellos de los par\u00e1metros s\u00edsmicos.<\/li>\n<li>Instrumentaci\u00f3n de construcciones (edificios, presas, etc.) y realizaci\u00f3n de ensayos no destructivos.<\/li>\n<li>Modelaci\u00f3n de estructuras sometidas a terremotos, que comprende el an\u00e1lisis de estructuras (m\u00e9todos de diagn\u00f3stico) y la\u00a0 interacci\u00f3n suelo\u2013estructura. C\u00e1lculo de vulnerabilidad s\u00edsmica.<\/li>\n<li>Comportamiento s\u00edsmico de los elementos no estructurales (l\u00edneas vitales), en particular viales y puentes. Comportamiento s\u00edsmico de las cimentaciones.<\/li>\n<li>Evaluaci\u00f3n de proyectos constructivos y realizaci\u00f3n de propuestas de reforzamiento de estructuras vulnerables.<\/li>\n<li>Matrices de c\u00e1lculo para riesgo y\u00a0 funciones de fragilidad. Estimaci\u00f3n del riesgo s\u00edsmico. Evaluaci\u00f3n econ\u00f3mica de proyectos.<\/li>\n<\/ol>\n","protected":false},"excerpt":{"rendered":"<p>&nbsp; An\u00e1lisis de acelerogramas y obtenci\u00f3n a partir de ellos de los par\u00e1metros s\u00edsmicos. Instrumentaci\u00f3n de construcciones (edificios, presas, etc.) y realizaci\u00f3n de ensayos no destructivos. Modelaci\u00f3n de estructuras sometidas a terremotos, que comprende el an\u00e1lisis de estructuras (m\u00e9todos de diagn\u00f3stico) y la\u00a0 interacci\u00f3n suelo\u2013estructura. C\u00e1lculo de vulnerabilidad s\u00edsmica. Comportamiento s\u00edsmico de los elementos no [&hellip;]<\/p>\n","protected":false},"author":1,"featured_media":0,"parent":0,"menu_order":0,"comment_status":"closed","ping_status":"closed","template":"","meta":{"footnotes":""},"class_list":["post-64","page","type-page","status-publish","hentry"],"_links":{"self":[{"href":"https:\/\/www.cenais.gob.cu\/cenais\/index.php?rest_route=\/wp\/v2\/pages\/64","targetHints":{"allow":["GET"]}}],"collection":[{"href":"https:\/\/www.cenais.gob.cu\/cenais\/index.php?rest_route=\/wp\/v2\/pages"}],"about":[{"href":"https:\/\/www.cenais.gob.cu\/cenais\/index.php?rest_route=\/wp\/v2\/types\/page"}],"author":[{"embeddable":true,"href":"https:\/\/www.cenais.gob.cu\/cenais\/index.php?rest_route=\/wp\/v2\/users\/1"}],"replies":[{"embeddable":true,"href":"https:\/\/www.cenais.gob.cu\/cenais\/index.php?rest_route=%2Fwp%2Fv2%2Fcomments&post=64"}],"version-history":[{"count":3,"href":"https:\/\/www.cenais.gob.cu\/cenais\/index.php?rest_route=\/wp\/v2\/pages\/64\/revisions"}],"predecessor-version":[{"id":469,"href":"https:\/\/www.cenais.gob.cu\/cenais\/index.php?rest_route=\/wp\/v2\/pages\/64\/revisions\/469"}],"wp:attachment":[{"href":"https:\/\/www.cenais.gob.cu\/cenais\/index.php?rest_route=%2Fwp%2Fv2%2Fmedia&parent=64"}],"curies":[{"name":"wp","href":"https:\/\/api.w.org\/{rel}","templated":true}]}}