{"id":62,"date":"2020-02-20T17:20:08","date_gmt":"2020-02-20T17:20:08","guid":{"rendered":"http:\/\/192.168.12.95\/wordpress\/?page_id=62"},"modified":"2020-02-20T17:20:08","modified_gmt":"2020-02-20T17:20:08","slug":"linea-de-investigacion-del-grupo-de-peligro-y-gestion-de-riesgo","status":"publish","type":"page","link":"https:\/\/www.cenais.gob.cu\/cenais\/?page_id=62","title":{"rendered":"L\u00ednea de investigaci\u00f3n del Grupo de Peligro y Gesti\u00f3n de Riesgo"},"content":{"rendered":"<ol>\n<li style=\"text-align: justify;\">Evaluaci\u00f3n integrada de la respuesta de escenarios f\u00edsicos ante eventos extremos (ciudades, cuencas, zonas costeras y monta\u00f1osas).<\/li>\n<li style=\"text-align: justify;\">Caracterizaci\u00f3n sismotect\u00f3nica de las zonas fuentes del interior de placa donde se encuentra situado el territorio de Cuba.<\/li>\n<li style=\"text-align: justify;\">Inicio de estudios de paleosismicidad.<\/li>\n<li style=\"text-align: justify;\">Caracterizaci\u00f3n geodin\u00e1mica de las zonas sismog\u00e9nicas.<\/li>\n<li style=\"text-align: justify;\">Monitoreo de los movimientos recientes de la corteza terrestre a partir de pol\u00edgonos geodin\u00e1micos. Determinaci\u00f3n del movimiento de la placa por GPS, con el apoyo de complejo de m\u00e9todos (geof\u00edsicos, mareogr\u00e1ficos, hidrogeol\u00f3gicos, etc).<\/li>\n<li style=\"text-align: justify;\">Estimaci\u00f3n de la peligrosidad s\u00edsmica y su error asociado empleando t\u00e9cnicas de \u00e1rbol l\u00f3gico de decisi\u00f3n<\/li>\n<li style=\"text-align: justify;\">Estudio de la atenuaci\u00f3n de la intensidad s\u00edsmica. Refinamiento de las f\u00f3rmulas de atenuaci\u00f3n en uso y obtenci\u00f3n de otras nuevas.<\/li>\n<li style=\"text-align: justify;\">Uso de los registros acelerogr\u00e1ficos para seleccionar que f\u00f3rmulas de atenuaci\u00f3n se ajustan m\u00e1s a nuestras condiciones, y, eventualmente, determinar f\u00f3rmulas propias.<\/li>\n<li style=\"text-align: justify;\">Empleo de m\u00e9todos \u201ccl\u00e1sicos\u201d de microzonaci\u00f3n como herramienta de la obtenci\u00f3n de esquemas preliminares de este tipo.<\/li>\n<li style=\"text-align: justify;\">Estudios ge\u00f3logo-geof\u00edsicos detallados de la estructura del suelo (hasta el fundamento rocoso) de los asentamientos humanos u otros sitios objeto de estudio, complementados con estudios de la estructura de la corteza y el manto superior a nivel regional.<\/li>\n<li style=\"text-align: justify;\">Uso de t\u00e9cnicas de agrupamiento o clasificaci\u00f3n para procesar la multiplicidad de datos que se obtienen en una microzonaci\u00f3n y lograr una soluci\u00f3n \u00fanica.<\/li>\n<li style=\"text-align: justify;\">An\u00e1lisis del planeamiento del uso de suelo, determinaci\u00f3n de criterios de ubicaci\u00f3n de instalaciones de importancia.<\/li>\n<li style=\"text-align: justify;\">Estimaciones te\u00f3ricas y emp\u00edricas de respuesta del suelo a partir de perforaciones, explosiones, explosiones nucleares, codas, ruido ambiental, terremotos cercanos, etc.<\/li>\n<li style=\"text-align: justify;\">Respuesta din\u00e1mica de suelos, efecto de sitio y microzonificaci\u00f3n s\u00edsmica. Caracterizaci\u00f3n macros\u00edsmica local de sismos perceptibles.<\/li>\n<li style=\"text-align: justify;\">Geolog\u00eda Ambiental: Estudio de las cuencas sedimentarias, marco ge\u00f3logo \u2013 estructural, caracter\u00edsticas del basamento, interacci\u00f3n con los episodios sismog\u00e9nicos principales<\/li>\n<li style=\"text-align: justify;\">Fen\u00f3menos f\u00edsicos &#8211; geol\u00f3gicos inducidos. Determinaci\u00f3n de los escenarios de da\u00f1os, respuesta est\u00e1tica y din\u00e1mica de los suelos, predicci\u00f3n de potenciales fen\u00f3menos f\u00edsico \u2013 geol\u00f3gicos catalizados por fen\u00f3menos naturales. Efectos secundarios.<\/li>\n<li style=\"text-align: justify;\">Evaluaciones de impactos ambientales. Valoraci\u00f3n estad\u00edstico \u2013 matem\u00e1tica con visi\u00f3n casu\u00edstica, determinaci\u00f3n de variables y subsistemas de mayor incidencia, determinaci\u00f3n de los conflictos y consecuencias ambientales sobre los elementos bi\u00f3ticos (flora y fauna), abi\u00f3ticos (relieve, suelos, geomorfolog\u00eda, etc.) y socioecon\u00f3micos (actividades humanas: pesca, agricultura, lugares de recreaci\u00f3n, esparcimiento, turismo, entre otros).<\/li>\n<li style=\"text-align: justify;\">An\u00e1lisis del peligro de afectaci\u00f3n por tsunamis de nuestras zonas costeras.<\/li>\n<li style=\"text-align: justify;\">Integrar las investigaciones cient\u00edficas desarrolladas por nuestra instituci\u00f3n\u00a0 referidas a amenazas, vulnerabilidades y riesgos, para la formulaci\u00f3n de estrategias de gesti\u00f3n y administraci\u00f3n de desastres.<\/li>\n<li style=\"text-align: justify;\">Desarrollar metodolog\u00edas de investigaci\u00f3n para escenarios cr\u00edticos, basadas en estudios de escenarios pre-desastres (EPD) y la gesti\u00f3n integral del riesgo a nivel local (GIRL).<\/li>\n<li style=\"text-align: justify;\">Dise\u00f1ar y aplicar\u00a0 herramientas de capacitaci\u00f3n contextualizadas, para garantizar la socializaci\u00f3n del conocimiento en los escenarios en riesgo y contribuir a elevar la cultura de prevenci\u00f3n de desastres en nuestro pa\u00eds y la regi\u00f3n. (KIT EDUCATIVOS).<\/li>\n<li style=\"text-align: justify;\">Desarrollar t\u00e9cnicas e indicadores espec\u00edficos para los sub-escenarios esenciales (medioambiental, f\u00edsico construido, social y econ\u00f3mico)\u00a0 conducentes a la evaluaci\u00f3n de impactos generados\u00a0 en\u00a0 desastres.<\/li>\n<li style=\"text-align: justify;\">Lograr la integraci\u00f3n institucional en los programas nacionales y regionales sobre la tem\u00e1tica de gesti\u00f3n de riesgos y desastres,\u00a0 a trav\u00e9s de la concertaci\u00f3n de programas y proyectos, en base a relaciones laborales.<\/li>\n<\/ol>\n","protected":false},"excerpt":{"rendered":"<p>Evaluaci\u00f3n integrada de la respuesta de escenarios f\u00edsicos ante eventos extremos (ciudades, cuencas, zonas costeras y monta\u00f1osas). Caracterizaci\u00f3n sismotect\u00f3nica de las zonas fuentes del interior de placa donde se encuentra situado el territorio de Cuba. Inicio de estudios de paleosismicidad. Caracterizaci\u00f3n geodin\u00e1mica de las zonas sismog\u00e9nicas. Monitoreo de los movimientos recientes de la corteza terrestre [&hellip;]<\/p>\n","protected":false},"author":1,"featured_media":0,"parent":0,"menu_order":0,"comment_status":"closed","ping_status":"closed","template":"","meta":{"footnotes":""},"class_list":["post-62","page","type-page","status-publish","hentry"],"_links":{"self":[{"href":"https:\/\/www.cenais.gob.cu\/cenais\/index.php?rest_route=\/wp\/v2\/pages\/62","targetHints":{"allow":["GET"]}}],"collection":[{"href":"https:\/\/www.cenais.gob.cu\/cenais\/index.php?rest_route=\/wp\/v2\/pages"}],"about":[{"href":"https:\/\/www.cenais.gob.cu\/cenais\/index.php?rest_route=\/wp\/v2\/types\/page"}],"author":[{"embeddable":true,"href":"https:\/\/www.cenais.gob.cu\/cenais\/index.php?rest_route=\/wp\/v2\/users\/1"}],"replies":[{"embeddable":true,"href":"https:\/\/www.cenais.gob.cu\/cenais\/index.php?rest_route=%2Fwp%2Fv2%2Fcomments&post=62"}],"version-history":[{"count":1,"href":"https:\/\/www.cenais.gob.cu\/cenais\/index.php?rest_route=\/wp\/v2\/pages\/62\/revisions"}],"predecessor-version":[{"id":63,"href":"https:\/\/www.cenais.gob.cu\/cenais\/index.php?rest_route=\/wp\/v2\/pages\/62\/revisions\/63"}],"wp:attachment":[{"href":"https:\/\/www.cenais.gob.cu\/cenais\/index.php?rest_route=%2Fwp%2Fv2%2Fmedia&parent=62"}],"curies":[{"name":"wp","href":"https:\/\/api.w.org\/{rel}","templated":true}]}}