{"id":60,"date":"2020-02-20T17:18:48","date_gmt":"2020-02-20T17:18:48","guid":{"rendered":"http:\/\/192.168.12.95\/wordpress\/?page_id=60"},"modified":"2020-03-09T16:23:59","modified_gmt":"2020-03-09T16:23:59","slug":"linea-de-investigacion-del-grupo-de-fisica-de-la-tierra","status":"publish","type":"page","link":"https:\/\/www.cenais.gob.cu\/cenais\/?page_id=60","title":{"rendered":"L\u00ednea de investigaci\u00f3n del Grupo de F\u00edsica de los Terremotos"},"content":{"rendered":"<p>&nbsp;<\/p>\n<p><img decoding=\"async\" class=\"aligncenter\" src=\"http:\/\/www.cenais.cu\/cenais\/wp-content\/themes\/typist\/img\/paginavieja\/Fisica_Tierra.jpg\" alt=\"\" \/><\/p>\n<ol>\n<li>Tomograf\u00eda de ondas de volumen para aumentar el conocimiento de la estructura de la corteza y el manto superior.<\/li>\n<li>Estudio de la dispersi\u00f3n de las velocidades de grupo y fase de las ondas superficiales (tomograf\u00eda e inversi\u00f3n) para aumentar el conocimiento de la estructura de la corteza y el manto superior.<\/li>\n<li>Inversi\u00f3n de formas de onda para la determinaci\u00f3n del tensor de momento s\u00edsmico (terremotos locales y lejanos).<\/li>\n<li>Estudio de funciones receptoras para obtener inferencias sobre la estructura de la corteza hasta la discontinuidad\u00a0 de Mohorovich.<\/li>\n<li>Modelaci\u00f3n de sismogramas sint\u00e9ticos \u201creales\u201d como v\u00eda para la realizaci\u00f3n de microzonaciones s\u00edsmicas en t\u00e9rminos de par\u00e1metros de inter\u00e9s ingenieril.<\/li>\n<li>Estudio de la atenuaci\u00f3n de las ondas s\u00edsmicas. Obtenci\u00f3n de valores de Q para diferentes ondas en medios diversos.<\/li>\n<li>Estudio de las caracter\u00edsticas espectrales de los focos de terremotos. Determinaci\u00f3n de modelos focales aplicables.<\/li>\n<li>Desarrollo temporal de procesos en el foco por inversi\u00f3n de registros de terremotos reales.<\/li>\n<li>Estudio de la generaci\u00f3n y propagaci\u00f3n de ondas superficiales y de volumen en medios reales.<\/li>\n<li>Estudio de m\u00e9todos num\u00e9ricos de resoluci\u00f3n de problemas relacionados con la generaci\u00f3n y propagaci\u00f3n de ondas s\u00edsmicas.<\/li>\n<li>Estudio de la orientaci\u00f3n de stress para la caracterizaci\u00f3n geodin\u00e1mica de un \u00e1rea determinada.<\/li>\n<li>Estudio del comportamiento de anomal\u00edas o precursores s\u00edsmicos para el desarrollo de modelos de pron\u00f3sticos de terremotos.<\/li>\n<\/ol>\n","protected":false},"excerpt":{"rendered":"<p>&nbsp; Tomograf\u00eda de ondas de volumen para aumentar el conocimiento de la estructura de la corteza y el manto superior. Estudio de la dispersi\u00f3n de las velocidades de grupo y fase de las ondas superficiales (tomograf\u00eda e inversi\u00f3n) para aumentar el conocimiento de la estructura de la corteza y el manto superior. Inversi\u00f3n de formas [&hellip;]<\/p>\n","protected":false},"author":1,"featured_media":0,"parent":0,"menu_order":0,"comment_status":"closed","ping_status":"closed","template":"","meta":{"footnotes":""},"class_list":["post-60","page","type-page","status-publish","hentry"],"_links":{"self":[{"href":"https:\/\/www.cenais.gob.cu\/cenais\/index.php?rest_route=\/wp\/v2\/pages\/60","targetHints":{"allow":["GET"]}}],"collection":[{"href":"https:\/\/www.cenais.gob.cu\/cenais\/index.php?rest_route=\/wp\/v2\/pages"}],"about":[{"href":"https:\/\/www.cenais.gob.cu\/cenais\/index.php?rest_route=\/wp\/v2\/types\/page"}],"author":[{"embeddable":true,"href":"https:\/\/www.cenais.gob.cu\/cenais\/index.php?rest_route=\/wp\/v2\/users\/1"}],"replies":[{"embeddable":true,"href":"https:\/\/www.cenais.gob.cu\/cenais\/index.php?rest_route=%2Fwp%2Fv2%2Fcomments&post=60"}],"version-history":[{"count":4,"href":"https:\/\/www.cenais.gob.cu\/cenais\/index.php?rest_route=\/wp\/v2\/pages\/60\/revisions"}],"predecessor-version":[{"id":468,"href":"https:\/\/www.cenais.gob.cu\/cenais\/index.php?rest_route=\/wp\/v2\/pages\/60\/revisions\/468"}],"wp:attachment":[{"href":"https:\/\/www.cenais.gob.cu\/cenais\/index.php?rest_route=%2Fwp%2Fv2%2Fmedia&parent=60"}],"curies":[{"name":"wp","href":"https:\/\/api.w.org\/{rel}","templated":true}]}}