{"id":53,"date":"2020-02-20T16:34:17","date_gmt":"2020-02-20T16:34:17","guid":{"rendered":"http:\/\/192.168.12.95\/wordpress\/?page_id=53"},"modified":"2020-03-09T16:29:12","modified_gmt":"2020-03-09T16:29:12","slug":"monitoreo-de-la-actividad-sismica","status":"publish","type":"page","link":"https:\/\/www.cenais.gob.cu\/cenais\/?page_id=53","title":{"rendered":"Monitoreo de la Actividad S\u00edsmica"},"content":{"rendered":"<p><img loading=\"lazy\" decoding=\"async\" class=\"aligncenter\" src=\"http:\/\/www.cenais.cu\/cenais\/wp-content\/themes\/typist\/img\/paginavieja\/Asesoria_Seleccion_Instrumental.JPG\" alt=\"\" width=\"435\" height=\"314\" \/><\/p>\n<p>Con equipos de alta tecnolog\u00eda digital podemos realizar estudios de ocurrencia de terremotos en cualquier lugar del territorio nacional y fuera del mismo, garantizando la calidad y confiabilidad de los resultados obtenidos.<\/p>\n<p>Le realizamos:<\/p>\n<ul>\n<li><strong>Instalaciones de Redes de Monitoreo y Vigilancia Sismol\u00f3gica.<\/strong><\/li>\n<li><strong>Instalaci\u00f3n de Sistemas de Registro para Terremotos Fuertes.<\/strong><\/li>\n<li><strong>Procesamiento y An\u00e1lisis de la Sismicidad.<\/strong><\/li>\n<\/ul>\n","protected":false},"excerpt":{"rendered":"<p>Con equipos de alta tecnolog\u00eda digital podemos realizar estudios de ocurrencia de terremotos en cualquier lugar del territorio nacional y fuera del mismo, garantizando la calidad y confiabilidad de los resultados obtenidos. Le realizamos: Instalaciones de Redes de Monitoreo y Vigilancia Sismol\u00f3gica. Instalaci\u00f3n de Sistemas de Registro para Terremotos Fuertes. Procesamiento y An\u00e1lisis de la [&hellip;]<\/p>\n","protected":false},"author":1,"featured_media":0,"parent":0,"menu_order":0,"comment_status":"closed","ping_status":"closed","template":"","meta":{"footnotes":""},"class_list":["post-53","page","type-page","status-publish","hentry"],"_links":{"self":[{"href":"https:\/\/www.cenais.gob.cu\/cenais\/index.php?rest_route=\/wp\/v2\/pages\/53","targetHints":{"allow":["GET"]}}],"collection":[{"href":"https:\/\/www.cenais.gob.cu\/cenais\/index.php?rest_route=\/wp\/v2\/pages"}],"about":[{"href":"https:\/\/www.cenais.gob.cu\/cenais\/index.php?rest_route=\/wp\/v2\/types\/page"}],"author":[{"embeddable":true,"href":"https:\/\/www.cenais.gob.cu\/cenais\/index.php?rest_route=\/wp\/v2\/users\/1"}],"replies":[{"embeddable":true,"href":"https:\/\/www.cenais.gob.cu\/cenais\/index.php?rest_route=%2Fwp%2Fv2%2Fcomments&post=53"}],"version-history":[{"count":6,"href":"https:\/\/www.cenais.gob.cu\/cenais\/index.php?rest_route=\/wp\/v2\/pages\/53\/revisions"}],"predecessor-version":[{"id":471,"href":"https:\/\/www.cenais.gob.cu\/cenais\/index.php?rest_route=\/wp\/v2\/pages\/53\/revisions\/471"}],"wp:attachment":[{"href":"https:\/\/www.cenais.gob.cu\/cenais\/index.php?rest_route=%2Fwp%2Fv2%2Fmedia&parent=53"}],"curies":[{"name":"wp","href":"https:\/\/api.w.org\/{rel}","templated":true}]}}