{"id":49,"date":"2020-02-20T16:00:23","date_gmt":"2020-02-20T16:00:23","guid":{"rendered":"http:\/\/192.168.12.35\/wordpress\/?page_id=49"},"modified":"2020-03-09T16:30:05","modified_gmt":"2020-03-09T16:30:05","slug":"servicios-de-ensayos-no-destructivos","status":"publish","type":"page","link":"https:\/\/www.cenais.gob.cu\/cenais\/?page_id=49","title":{"rendered":"Servicios de Ensayos no Destructivos"},"content":{"rendered":"<p><img loading=\"lazy\" decoding=\"async\" class=\"aligncenter\" src=\"http:\/\/intranet.cenais.cu\/cenais\/wp-content\/themes\/typist\/img\/paginavieja\/Equipos_de_Ultrasonido.JPG\" alt=\"\" width=\"396\" height=\"304\" \/><\/p>\n<p>El grupo de Ingenier\u00eda del CENAIS les brinda los servicios necesarios para conocer el estado t\u00e9cnico y la capacidad soportante de las estructuras constructivas, evaluando si estas se adaptan a las condiciones para las que se prev\u00e9n utilizar.<\/p>\n<p><strong>EQUIPO DE ULTRASONIDO MOD. 58-E0048: <\/strong>Permite conocer la calidad del hormig\u00f3n detectando la existencia de hoquedades y grietas internas en el mismo.<\/p>\n<p><strong>MEDIDOR\u00a0 DE RECUBRIMIENTOS MCPI 58-E60:<\/strong> Instrumento que permite la localizaci\u00f3n de las barras de refuerzos de la estructura del hormig\u00f3n armado, determinando el equipamiento, di\u00e1metro y recubrimiento de las barras de refuerzo.<\/p>\n<p><strong>ESCLEROMETRO DIGITAL 58-CO181\/G:<\/strong> Permite determinar la resistencia a comprensi\u00f3n del hormig\u00f3n. Los ensayos no destructivos constituyen una herramienta del proyectista y\/o el constructor para el diagnostico de los elementos de una estructura que ha sido da\u00f1ada por el paso del tiempo, el intemperIsmo, u otras causas, tambi\u00e9n puede suministrar informaci\u00f3n para cualquier cambio propuesto en la utilizaci\u00f3n de una estructura para su aseguramiento o cambio de propiedad.<\/p>\n<p>Estos m\u00e9todos de ensayo ofrecen ventajas significativas en lo referente a la rapidez, costo y poco da\u00f1o en comparaci\u00f3n con otros m\u00e9todos de ensayo que requieren romper el elemento o los elementos analizados.<\/p>\n<p>El servicio de ensayos no destructivos le ofrece la posibilidad de obtener la siguiente informaci\u00f3n:<\/p>\n<ul>\n<li><strong>Localizar la posici\u00f3n de las barras de refuerzo en un elemento de hormig\u00f3n armado.<\/strong><\/li>\n<li><strong>Auscultaci\u00f3n de elementos de los cuales no existan planos ni datos.<\/strong><\/li>\n<li><strong>Uniformidad del hormig\u00f3n. Grietas y cavernosidades.<\/strong><\/li>\n<li><strong>Determinaci\u00f3n de la resistencia del hormig\u00f3n y monitoreo del desarrollo de la misma .<\/strong><\/li>\n<li><strong>Evaluaci\u00f3n del deterioro del hormig\u00f3n por incendios y otras causas.<\/strong><\/li>\n<li><strong>Determinaci\u00f3n de las caracter\u00edsticas din\u00e1micas de las estructuras (periodo de oscilaci\u00f3n de las estructuras y el amortiguamiento).<\/strong><\/li>\n<\/ul>\n","protected":false},"excerpt":{"rendered":"<p>El grupo de Ingenier\u00eda del CENAIS les brinda los servicios necesarios para conocer el estado t\u00e9cnico y la capacidad soportante de las estructuras constructivas, evaluando si estas se adaptan a las condiciones para las que se prev\u00e9n utilizar. EQUIPO DE ULTRASONIDO MOD. 58-E0048: Permite conocer la calidad del hormig\u00f3n detectando la existencia de hoquedades y [&hellip;]<\/p>\n","protected":false},"author":1,"featured_media":0,"parent":0,"menu_order":0,"comment_status":"closed","ping_status":"closed","template":"","meta":{"footnotes":""},"class_list":["post-49","page","type-page","status-publish","hentry"],"_links":{"self":[{"href":"https:\/\/www.cenais.gob.cu\/cenais\/index.php?rest_route=\/wp\/v2\/pages\/49","targetHints":{"allow":["GET"]}}],"collection":[{"href":"https:\/\/www.cenais.gob.cu\/cenais\/index.php?rest_route=\/wp\/v2\/pages"}],"about":[{"href":"https:\/\/www.cenais.gob.cu\/cenais\/index.php?rest_route=\/wp\/v2\/types\/page"}],"author":[{"embeddable":true,"href":"https:\/\/www.cenais.gob.cu\/cenais\/index.php?rest_route=\/wp\/v2\/users\/1"}],"replies":[{"embeddable":true,"href":"https:\/\/www.cenais.gob.cu\/cenais\/index.php?rest_route=%2Fwp%2Fv2%2Fcomments&post=49"}],"version-history":[{"count":4,"href":"https:\/\/www.cenais.gob.cu\/cenais\/index.php?rest_route=\/wp\/v2\/pages\/49\/revisions"}],"predecessor-version":[{"id":472,"href":"https:\/\/www.cenais.gob.cu\/cenais\/index.php?rest_route=\/wp\/v2\/pages\/49\/revisions\/472"}],"wp:attachment":[{"href":"https:\/\/www.cenais.gob.cu\/cenais\/index.php?rest_route=%2Fwp%2Fv2%2Fmedia&parent=49"}],"curies":[{"name":"wp","href":"https:\/\/api.w.org\/{rel}","templated":true}]}}