{"id":23,"date":"2020-02-18T19:00:11","date_gmt":"2020-02-18T19:00:11","guid":{"rendered":"http:\/\/192.168.12.95\/wordpress\/?page_id=23"},"modified":"2020-03-10T15:13:03","modified_gmt":"2020-03-10T15:13:03","slug":"que-hacemos","status":"publish","type":"page","link":"https:\/\/www.cenais.gob.cu\/cenais\/?page_id=23","title":{"rendered":"\u00bfQu\u00e9 Hacemos?"},"content":{"rendered":"<p><strong>Objetivos espec\u00edficos dentro de la actividad fundamental:<\/strong><\/p>\n<ol>\n<li>Rectorar y realizar las investigaciones sismol\u00f3gicas fundamentales y aplicadas que se requieran en el archipi\u00e9lago cubano y zonas adyacentes.<\/li>\n<li>Monitorear y evaluar la actividad s\u00edsmica en el archipi\u00e9lago cubano, as\u00ed como dirigir y operar las redes de estaciones del Sistema del Servicio Sismol\u00f3gico Nacional como encargo estatal.<\/li>\n<li>Garantizar la informaci\u00f3n sismol\u00f3gica a las diferentes instancias del Partido, Gobierno, MINFAR y la Defensa Civil.<\/li>\n<li>Asesorar t\u00e9cnica y metodol\u00f3gicamente a la Defensa Civil y a los Gobiernos a diferentes instancias, en lo relacionado con la sismolog\u00eda, el riesgo s\u00edsmico, la elaboraci\u00f3n de los Planes de Reducci\u00f3n contra Desastres y en la fiscalizaci\u00f3n de las medidas encaminadas a la mitigaci\u00f3n del riesgo s\u00edsmico en sus respectivos territorios.<\/li>\n<li>Elaborar, coordinar y ejecutar proyectos multidisciplinarios de investigaciones fundamentales y aplicadas y Servicios Cient\u00edfico \u2013 T\u00e9cnicos dirigidos a la reducci\u00f3n del riesgo ante amenazas naturales en la Rep\u00fablica de Cuba.<\/li>\n<li>Coordinar y ejecutar convenios y contratos con organismos e instituciones nacionales e internacionales, relacionados con la sismolog\u00eda.<\/li>\n<li>Participar conjuntamente con las instituciones\u00a0 autorizadas en los Estudios de Impacto Ambiental, relacionados con el uso de suelos, ordenamiento territorial y pol\u00edtica de inversiones.<\/li>\n<li>Coordinar, participar y ejecutar investigaciones relacionadas con los riesgos geol\u00f3gicos y los fen\u00f3menos inducidos por terremotos perceptibles y fuertes.<\/li>\n<li>Coordinar y ejecutar con instituciones afines las asesor\u00edas, consultor\u00edas, estudios e investigaciones dirigidas a la mitigaci\u00f3n y prevenci\u00f3n de desastres ante fen\u00f3menos naturales extremos y sus impactos en nuestra sociedad y el medio ambiente<\/li>\n<\/ol>\n<p><strong>Objetivos fundamentales dentro de la actividad no fundamental:<\/strong><\/p>\n<ol>\n<li>Participar conjuntamente con otras instituciones nacionales y extranjeras en estudios geodin\u00e1micos, geol\u00f3gicos y geof\u00edsicos vinculados a las investigaciones sismol\u00f3gicas.<\/li>\n<li>Participar de conjunto con el MICONS en la elaboraci\u00f3n y el perfeccionamiento sistem\u00e1tico de las Normas de Dise\u00f1o Sismorresistente.<\/li>\n<li>Brindar servicios de asesor\u00eda y consultor\u00eda en lo relacionado con la aplicaci\u00f3n de la Norma S\u00edsmica Cubana en el pa\u00eds.<\/li>\n<\/ol>\n<p>Para dar cumplimiento a esta misi\u00f3n ya tendiendo al grado de estudio alcanzado, el CENAIS debe trabajar en las siguientes tem\u00e1ticas de cada una de las l\u00edneas de investigaci\u00f3n se\u00f1aladas a continuaci\u00f3n:<\/p>\n<p><a href=\"http:\/\/www.cenais.cu\/cenais\/?p=60\">L\u00ednea de investigaci\u00f3n del Grupo de F\u00edsica de la Tierra<\/a><\/p>\n<p><a href=\"http:\/\/www.cenais.cu\/cenais\/?p=62\">L\u00ednea de investigaci\u00f3n del Grupo de Peligro y Gesti\u00f3n de Riesgo<\/a>.<\/p>\n<p><a href=\"http:\/\/www.cenais.cu\/cenais\/?p=64\">L\u00ednea de investigaci\u00f3n del Grupo de Vulnerabilidad S\u00edsmica.<\/a><\/p>\n","protected":false},"excerpt":{"rendered":"<p>Objetivos espec\u00edficos dentro de la actividad fundamental: Rectorar y realizar las investigaciones sismol\u00f3gicas fundamentales y aplicadas que se requieran en el archipi\u00e9lago cubano y zonas adyacentes. Monitorear y evaluar la actividad s\u00edsmica en el archipi\u00e9lago cubano, as\u00ed como dirigir y operar las redes de estaciones del Sistema del Servicio Sismol\u00f3gico Nacional como encargo estatal. Garantizar [&hellip;]<\/p>\n","protected":false},"author":1,"featured_media":0,"parent":0,"menu_order":0,"comment_status":"closed","ping_status":"closed","template":"","meta":{"footnotes":""},"class_list":["post-23","page","type-page","status-publish","hentry"],"_links":{"self":[{"href":"https:\/\/www.cenais.gob.cu\/cenais\/index.php?rest_route=\/wp\/v2\/pages\/23","targetHints":{"allow":["GET"]}}],"collection":[{"href":"https:\/\/www.cenais.gob.cu\/cenais\/index.php?rest_route=\/wp\/v2\/pages"}],"about":[{"href":"https:\/\/www.cenais.gob.cu\/cenais\/index.php?rest_route=\/wp\/v2\/types\/page"}],"author":[{"embeddable":true,"href":"https:\/\/www.cenais.gob.cu\/cenais\/index.php?rest_route=\/wp\/v2\/users\/1"}],"replies":[{"embeddable":true,"href":"https:\/\/www.cenais.gob.cu\/cenais\/index.php?rest_route=%2Fwp%2Fv2%2Fcomments&post=23"}],"version-history":[{"count":6,"href":"https:\/\/www.cenais.gob.cu\/cenais\/index.php?rest_route=\/wp\/v2\/pages\/23\/revisions"}],"predecessor-version":[{"id":477,"href":"https:\/\/www.cenais.gob.cu\/cenais\/index.php?rest_route=\/wp\/v2\/pages\/23\/revisions\/477"}],"wp:attachment":[{"href":"https:\/\/www.cenais.gob.cu\/cenais\/index.php?rest_route=%2Fwp%2Fv2%2Fmedia&parent=23"}],"curies":[{"name":"wp","href":"https:\/\/api.w.org\/{rel}","templated":true}]}}