{"id":21,"date":"2020-02-18T16:46:15","date_gmt":"2020-02-18T16:46:15","guid":{"rendered":"http:\/\/192.168.12.95\/wordpress\/?page_id=21"},"modified":"2020-03-09T15:52:38","modified_gmt":"2020-03-09T15:52:38","slug":"quienes-somos","status":"publish","type":"page","link":"https:\/\/www.cenais.gob.cu\/cenais\/?page_id=21","title":{"rendered":"\u00bfQui\u00e9nes Somos?"},"content":{"rendered":"<p><img loading=\"lazy\" decoding=\"async\" class=\"alignleft\" src=\"\/cenais\/wp-content\/themes\/typist\/img\/paginavieja\/Imagen12.jpg\" alt=\"\" width=\"338\" height=\"260\" \/><\/p>\n<p>El Centro Nacional de Investigaciones Sismol\u00f3gicas, radicado en Santiago de Cuba se fund\u00f3\u00a0 el d\u00eda 3 de febrero en el a\u00f1o 1992, aunque su nombramiento oficial fue a trav\u00e9s de la Resoluci\u00f3n No. 12 del a\u00f1o 1999 del Ministerio de Ciencia, Tecnolog\u00eda y Medio Ambiente. El Centro se crea con el objetivo de contribuir a la mitigaci\u00f3n del Riesgo S\u00edsmico en la Rep\u00fablica de Cuba mediante la realizaci\u00f3n de investigaciones sismol\u00f3gicas\u00a0 fundamentales y aplicadas y el monitoreo de la actividad s\u00edsmica en el territorio nacional.<\/p>\n<p><strong>Misi\u00f3n<\/strong>: Contribuir a la Mitigaci\u00f3n del Riesgo S\u00edsmico en la Rep\u00fablica de Cuba mediante las Investigaciones Sismol\u00f3gicas y Geodin\u00e1micas fundamentales y aplicadas y el monitoreo de la actividad s\u00edsmica.<\/p>\n<p><strong>Visi\u00f3n:<\/strong> Ser Centro de referencia nacional y regional de investigaciones sismol\u00f3gicas, para garantizar el desarrollo sostenible y sustentable de la sociedad cubana a partir de la gesti\u00f3n integral del riesgo.<\/p>\n<p>&nbsp;<\/p>\n<p>&nbsp;<\/p>\n","protected":false},"excerpt":{"rendered":"<p>El Centro Nacional de Investigaciones Sismol\u00f3gicas, radicado en Santiago de Cuba se fund\u00f3\u00a0 el d\u00eda 3 de febrero en el a\u00f1o 1992, aunque su nombramiento oficial fue a trav\u00e9s de la Resoluci\u00f3n No. 12 del a\u00f1o 1999 del Ministerio de Ciencia, Tecnolog\u00eda y Medio Ambiente. El Centro se crea con el objetivo de contribuir a [&hellip;]<\/p>\n","protected":false},"author":1,"featured_media":0,"parent":0,"menu_order":0,"comment_status":"closed","ping_status":"closed","template":"","meta":{"footnotes":""},"class_list":["post-21","page","type-page","status-publish","hentry"],"_links":{"self":[{"href":"https:\/\/www.cenais.gob.cu\/cenais\/index.php?rest_route=\/wp\/v2\/pages\/21","targetHints":{"allow":["GET"]}}],"collection":[{"href":"https:\/\/www.cenais.gob.cu\/cenais\/index.php?rest_route=\/wp\/v2\/pages"}],"about":[{"href":"https:\/\/www.cenais.gob.cu\/cenais\/index.php?rest_route=\/wp\/v2\/types\/page"}],"author":[{"embeddable":true,"href":"https:\/\/www.cenais.gob.cu\/cenais\/index.php?rest_route=\/wp\/v2\/users\/1"}],"replies":[{"embeddable":true,"href":"https:\/\/www.cenais.gob.cu\/cenais\/index.php?rest_route=%2Fwp%2Fv2%2Fcomments&post=21"}],"version-history":[{"count":7,"href":"https:\/\/www.cenais.gob.cu\/cenais\/index.php?rest_route=\/wp\/v2\/pages\/21\/revisions"}],"predecessor-version":[{"id":442,"href":"https:\/\/www.cenais.gob.cu\/cenais\/index.php?rest_route=\/wp\/v2\/pages\/21\/revisions\/442"}],"wp:attachment":[{"href":"https:\/\/www.cenais.gob.cu\/cenais\/index.php?rest_route=%2Fwp%2Fv2%2Fmedia&parent=21"}],"curies":[{"name":"wp","href":"https:\/\/api.w.org\/{rel}","templated":true}]}}