{"id":1349,"date":"2021-06-04T15:39:58","date_gmt":"2021-06-04T15:39:58","guid":{"rendered":"http:\/\/www.cenais.cu\/cenais\/?page_id=1349"},"modified":"2021-06-04T16:07:29","modified_gmt":"2021-06-04T16:07:29","slug":"17-de-enero-2016-0137-am-magnitud-4-8-comienzo-de-enjambre-de-eventos-en-santiago-de-cuba","status":"publish","type":"page","link":"https:\/\/www.cenais.gob.cu\/cenais\/?page_id=1349","title":{"rendered":"17 de Enero 2016, 01:37 AM, Magnitud 4.8. Comienzo de enjambre de eventos en Santiago de Cuba."},"content":{"rendered":"\n<div class=\"wp-block-image\"><figure class=\"aligncenter size-large\"><a href=\"http:\/\/www.cenais.cu\/cenais\/wp-content\/uploads\/2021\/06\/Serie2016.jpg\"><img loading=\"lazy\" decoding=\"async\" width=\"672\" height=\"336\" src=\"http:\/\/www.cenais.cu\/cenais\/wp-content\/uploads\/2021\/06\/Serie2016.jpg\" alt=\"\" class=\"wp-image-1357\" srcset=\"https:\/\/www.cenais.gob.cu\/cenais\/wp-content\/uploads\/2021\/06\/Serie2016.jpg 672w, https:\/\/www.cenais.gob.cu\/cenais\/wp-content\/uploads\/2021\/06\/Serie2016-300x150.jpg 300w\" sizes=\"auto, (max-width: 672px) 100vw, 672px\" \/><\/a><figcaption>Sismos ocurridos desde el 17 al 28 de enero 2016.En color verde eventos de magnitud superior a 4 y en color amarillo el evento de magnitud 5.<\/figcaption><\/figure><\/div>\n\n\n\n<p>M\u00e1s de 10 eventos perceptibles en solo 6 horas del comienzo de esta serie y cerca de 20 perceptibles en las primeras 24 horas. Unos 57 eventos perceptible fueron reportado en ese a\u00f1o. En los primeros 10 d\u00edas se reportaron 10 eventos de magnitudes superior a 4 y uno de ello de magnitud 5.0 ocurrido ese mismo dia a las 08:30 AM. En esta ocasi\u00f3n el CENASI fu\u00e9 visitado por varios dirigentes del pa\u00eds.<\/p>\n\n\n\n<div class=\"wp-block-image\"><figure class=\"aligncenter size-large\"><a href=\"http:\/\/www.cenais.cu\/cenais\/wp-content\/uploads\/2021\/06\/visitaraul2016.jpg\"><img loading=\"lazy\" decoding=\"async\" width=\"700\" height=\"525\" src=\"http:\/\/www.cenais.cu\/cenais\/wp-content\/uploads\/2021\/06\/visitaraul2016.jpg\" alt=\"\" class=\"wp-image-1350\" srcset=\"https:\/\/www.cenais.gob.cu\/cenais\/wp-content\/uploads\/2021\/06\/visitaraul2016.jpg 700w, https:\/\/www.cenais.gob.cu\/cenais\/wp-content\/uploads\/2021\/06\/visitaraul2016-300x225.jpg 300w\" sizes=\"auto, (max-width: 700px) 100vw, 700px\" \/><\/a><figcaption>Observatorio Geodin\u00e1mico. 19 de febrero 2016<\/figcaption><\/figure><\/div>\n\n\n\n<div class=\"wp-block-image\"><figure class=\"aligncenter size-large\"><a href=\"http:\/\/www.cenais.cu\/cenais\/wp-content\/uploads\/2021\/06\/visita-Raul1.bmp\"><img loading=\"lazy\" decoding=\"async\" width=\"640\" height=\"316\" src=\"http:\/\/www.cenais.cu\/cenais\/wp-content\/uploads\/2021\/06\/visita-Raul1.bmp\" alt=\"\" class=\"wp-image-1351\" srcset=\"https:\/\/www.cenais.gob.cu\/cenais\/wp-content\/uploads\/2021\/06\/visita-Raul1.bmp 640w, https:\/\/www.cenais.gob.cu\/cenais\/wp-content\/uploads\/2021\/06\/visita-Raul1-300x148.jpg 300w\" sizes=\"auto, (max-width: 640px) 100vw, 640px\" \/><\/a><figcaption>Observatorio Geodin\u00e1mico. 19 de febrero 2016<\/figcaption><\/figure><\/div>\n","protected":false},"excerpt":{"rendered":"<p>M\u00e1s de 10 eventos perceptibles en solo 6 horas del comienzo de esta serie y cerca de 20 perceptibles en las primeras 24 horas. Unos 57 eventos perceptible fueron reportado en ese a\u00f1o. En los primeros 10 d\u00edas se reportaron 10 eventos de magnitudes superior a 4 y uno de ello de magnitud 5.0 ocurrido [&hellip;]<\/p>\n","protected":false},"author":2,"featured_media":0,"parent":0,"menu_order":0,"comment_status":"closed","ping_status":"closed","template":"","meta":{"footnotes":""},"class_list":["post-1349","page","type-page","status-publish","hentry"],"_links":{"self":[{"href":"https:\/\/www.cenais.gob.cu\/cenais\/index.php?rest_route=\/wp\/v2\/pages\/1349","targetHints":{"allow":["GET"]}}],"collection":[{"href":"https:\/\/www.cenais.gob.cu\/cenais\/index.php?rest_route=\/wp\/v2\/pages"}],"about":[{"href":"https:\/\/www.cenais.gob.cu\/cenais\/index.php?rest_route=\/wp\/v2\/types\/page"}],"author":[{"embeddable":true,"href":"https:\/\/www.cenais.gob.cu\/cenais\/index.php?rest_route=\/wp\/v2\/users\/2"}],"replies":[{"embeddable":true,"href":"https:\/\/www.cenais.gob.cu\/cenais\/index.php?rest_route=%2Fwp%2Fv2%2Fcomments&post=1349"}],"version-history":[{"count":3,"href":"https:\/\/www.cenais.gob.cu\/cenais\/index.php?rest_route=\/wp\/v2\/pages\/1349\/revisions"}],"predecessor-version":[{"id":1358,"href":"https:\/\/www.cenais.gob.cu\/cenais\/index.php?rest_route=\/wp\/v2\/pages\/1349\/revisions\/1358"}],"wp:attachment":[{"href":"https:\/\/www.cenais.gob.cu\/cenais\/index.php?rest_route=%2Fwp%2Fv2%2Fmedia&parent=1349"}],"curies":[{"name":"wp","href":"https:\/\/api.w.org\/{rel}","templated":true}]}}