{"id":1341,"date":"2021-06-04T15:05:10","date_gmt":"2021-06-04T15:05:10","guid":{"rendered":"http:\/\/www.cenais.cu\/cenais\/?page_id=1341"},"modified":"2021-06-04T15:10:15","modified_gmt":"2021-06-04T15:10:15","slug":"20-de-marzo-2010-0208-pm-magnitud-5-6-intensidad-v-en-santiago-de-cuba-y-guantanamo","status":"publish","type":"page","link":"https:\/\/www.cenais.gob.cu\/cenais\/?page_id=1341","title":{"rendered":"20 de Marzo 2010, 02:08 PM, Magnitud 5.6. Intensidad V en Santiago de Cuba y Guant\u00e1namo."},"content":{"rendered":"\n<div class=\"wp-block-image\"><figure class=\"alignleft size-large\"><a href=\"http:\/\/www.cenais.cu\/cenais\/wp-content\/uploads\/2021\/06\/mapa20marzo2010.jpg\"><img loading=\"lazy\" decoding=\"async\" width=\"446\" height=\"284\" src=\"http:\/\/www.cenais.cu\/cenais\/wp-content\/uploads\/2021\/06\/mapa20marzo2010.jpg\" alt=\"\" class=\"wp-image-1342\" srcset=\"https:\/\/www.cenais.gob.cu\/cenais\/wp-content\/uploads\/2021\/06\/mapa20marzo2010.jpg 446w, https:\/\/www.cenais.gob.cu\/cenais\/wp-content\/uploads\/2021\/06\/mapa20marzo2010-300x191.jpg 300w\" sizes=\"auto, (max-width: 446px) 100vw, 446px\" \/><\/a><figcaption>Mapa de Isosistas de Intensidad<\/figcaption><\/figure><\/div>\n\n\n\n<p>Perceptible en todas las provincias Orientales. No ocurrieron da\u00f1os significativos, pero la sacudida provoc\u00f3 gran alarma en la poblaci\u00f3n. A ra\u00edz del sismo el CENAIS fue visitado por el Presidente del Consejo de Estado y de Ministros, General de Ej\u00e9rcito Ra\u00fal Castro Ruz y altos funcionarios del Partido y Gobierno. Revista <a rel=\"noreferrer noopener\" href=\"http:\/\/www.cenais.cu\/strong\/2010\/doc\/26_marzo_2010%2037.pdf\" target=\"_blank\">Bohemia<\/a> publica la noticia. M\u00e1s informaci\u00f3n se puede encontar en el <a href=\"http:\/\/www.cenais.cu\/strong\/2010\/doc\/ReporteMacrosismica20Mar2010.pdf\" target=\"_blank\" rel=\"noreferrer noopener\">reporte t\u00e9cnico<\/a> sobre los terremotos ocurridos entre enero y abril.<\/p>\n\n\n\n<figure class=\"wp-block-image\"><img decoding=\"async\" src=\"http:\/\/www.cenais.cu\/cenais\/wp-content\/themes\/typist\/img\/entrada\/foto1.png\" alt=\"\"\/><figcaption><strong>Observatorio Geodin\u00e1mico CENAIS. Domingo 21 marzo 2010<\/strong><\/figcaption><\/figure>\n\n\n\n<figure class=\"wp-block-image\"><img decoding=\"async\" src=\"http:\/\/www.cenais.cu\/cenais\/wp-content\/themes\/typist\/img\/entrada\/foto2.png\" alt=\"\"\/><figcaption><strong>Estaci\u00f3n Simol\u00f3gica R\u00edo Carpintero. Domingo 21 de marzo 2010<\/strong><\/figcaption><\/figure>\n\n\n\n<figure class=\"wp-block-image\"><img decoding=\"async\" src=\"http:\/\/www.cenais.cu\/cenais\/wp-content\/themes\/typist\/img\/entrada\/foto3.png\" alt=\"\"\/><figcaption><strong>Casa Sede CENAIS. Lunes 22 de marzo 2010.<\/strong><\/figcaption><\/figure>\n","protected":false},"excerpt":{"rendered":"<p>Perceptible en todas las provincias Orientales. No ocurrieron da\u00f1os significativos, pero la sacudida provoc\u00f3 gran alarma en la poblaci\u00f3n. A ra\u00edz del sismo el CENAIS fue visitado por el Presidente del Consejo de Estado y de Ministros, General de Ej\u00e9rcito Ra\u00fal Castro Ruz y altos funcionarios del Partido y Gobierno. Revista Bohemia publica la noticia. [&hellip;]<\/p>\n","protected":false},"author":2,"featured_media":0,"parent":0,"menu_order":0,"comment_status":"closed","ping_status":"closed","template":"","meta":{"footnotes":""},"class_list":["post-1341","page","type-page","status-publish","hentry"],"_links":{"self":[{"href":"https:\/\/www.cenais.gob.cu\/cenais\/index.php?rest_route=\/wp\/v2\/pages\/1341","targetHints":{"allow":["GET"]}}],"collection":[{"href":"https:\/\/www.cenais.gob.cu\/cenais\/index.php?rest_route=\/wp\/v2\/pages"}],"about":[{"href":"https:\/\/www.cenais.gob.cu\/cenais\/index.php?rest_route=\/wp\/v2\/types\/page"}],"author":[{"embeddable":true,"href":"https:\/\/www.cenais.gob.cu\/cenais\/index.php?rest_route=\/wp\/v2\/users\/2"}],"replies":[{"embeddable":true,"href":"https:\/\/www.cenais.gob.cu\/cenais\/index.php?rest_route=%2Fwp%2Fv2%2Fcomments&post=1341"}],"version-history":[{"count":2,"href":"https:\/\/www.cenais.gob.cu\/cenais\/index.php?rest_route=\/wp\/v2\/pages\/1341\/revisions"}],"predecessor-version":[{"id":1348,"href":"https:\/\/www.cenais.gob.cu\/cenais\/index.php?rest_route=\/wp\/v2\/pages\/1341\/revisions\/1348"}],"wp:attachment":[{"href":"https:\/\/www.cenais.gob.cu\/cenais\/index.php?rest_route=%2Fwp%2Fv2%2Fmedia&parent=1341"}],"curies":[{"name":"wp","href":"https:\/\/api.w.org\/{rel}","templated":true}]}}