{"id":1305,"date":"2021-06-04T12:43:30","date_gmt":"2021-06-04T12:43:30","guid":{"rendered":"http:\/\/www.cenais.cu\/cenais\/?page_id=1305"},"modified":"2021-06-04T13:56:31","modified_gmt":"2021-06-04T13:56:31","slug":"25-de-mayo-1992-1155-am-magnitud-6-9-intensidad-vii-en-cabo-cruz-granma","status":"publish","type":"page","link":"https:\/\/www.cenais.gob.cu\/cenais\/?page_id=1305","title":{"rendered":"25 de Mayo 1992, 12:55 PM. Magnitud 6.9. Intensidad VII en Cabo Cruz, Granma"},"content":{"rendered":"\n<div class=\"wp-block-image\"><figure class=\"alignright\"><img decoding=\"async\" src=\"http:\/\/www.cenais.cu\/cenais\/wp-content\/themes\/typist\/img\/entrada\/mayo\/1992MAY25.JPG\" alt=\"\"\/><figcaption><a rel=\"noreferrer noopener\" href=\"http:\/\/www.cenais.cu\/strong\/1992\/doc\/perrot1997.pdf\" target=\"_blank\">Soluci\u00f3n del plano de falla seg\u00fan Perrot 1997<\/a><\/figcaption><\/figure><\/div>\n\n\n\n<p>Terremoto perceptible en todas las provincias orientales y centro del pa\u00eds. Agriet\u00f3 numerosas paredes de edificaciones y produjo p\u00e1nico en la poblaci\u00f3n. A ra\u00edz de la ocurrencia de ese evento, el de mayor magnitud registrado instrumentalmente en Cuba hasta esa fecha, el Comandante en Jefe Fidel Castro Ruz visit\u00f3 la provincia Granma y la sede del CENAIS en Santiago de Cuba.<\/p>\n\n\n\n<div class=\"wp-block-image\"><figure class=\"aligncenter size-large\"><a href=\"http:\/\/www.cenais.cu\/cenais\/wp-content\/uploads\/2021\/06\/1992-MAY-25-Mapa-Isosistas.bmp\"><img loading=\"lazy\" decoding=\"async\" width=\"408\" height=\"258\" src=\"http:\/\/www.cenais.cu\/cenais\/wp-content\/uploads\/2021\/06\/1992-MAY-25-Mapa-Isosistas.bmp\" alt=\"\" class=\"wp-image-1328\" srcset=\"https:\/\/www.cenais.gob.cu\/cenais\/wp-content\/uploads\/2021\/06\/1992-MAY-25-Mapa-Isosistas.bmp 408w, https:\/\/www.cenais.gob.cu\/cenais\/wp-content\/uploads\/2021\/06\/1992-MAY-25-Mapa-Isosistas-300x190.jpg 300w\" sizes=\"auto, (max-width: 408px) 100vw, 408px\" \/><\/a><figcaption>Mapa de Isosistas de Perceptibilidad<\/figcaption><\/figure><\/div>\n\n\n\n<div class=\"wp-block-image\"><figure class=\"alignleft\"><img decoding=\"async\" src=\"http:\/\/www.cenais.cu\/cenais\/wp-content\/themes\/typist\/img\/entrada\/mayo\/fidelBayamo1.jpg\" alt=\"\"\/><figcaption>Fidel en Granma, 29 de mayo, 1992.<\/figcaption><\/figure><\/div>\n\n\n\n<figure class=\"wp-block-image\"><img decoding=\"async\" src=\"http:\/\/www.cenais.cu\/cenais\/wp-content\/themes\/typist\/img\/entrada\/mayo\/fidelBayamo2.jpg\" alt=\"\"\/><figcaption>Fidel en Granma, 29 de mayo, 1992.<\/figcaption><\/figure>\n\n\n\n<div class=\"wp-block-image\"><figure class=\"aligncenter size-large\"><a href=\"http:\/\/www.cenais.cu\/cenais\/wp-content\/uploads\/2021\/06\/Fidel-en-el-CENAIS.jpg\"><img loading=\"lazy\" decoding=\"async\" width=\"640\" height=\"480\" src=\"http:\/\/www.cenais.cu\/cenais\/wp-content\/uploads\/2021\/06\/Fidel-en-el-CENAIS.jpg\" alt=\"\" class=\"wp-image-1325\" srcset=\"https:\/\/www.cenais.gob.cu\/cenais\/wp-content\/uploads\/2021\/06\/Fidel-en-el-CENAIS.jpg 640w, https:\/\/www.cenais.gob.cu\/cenais\/wp-content\/uploads\/2021\/06\/Fidel-en-el-CENAIS-300x225.jpg 300w\" sizes=\"auto, (max-width: 640px) 100vw, 640px\" \/><\/a><\/figure><\/div>\n\n\n\n<div class=\"wp-block-image\"><figure class=\"aligncenter size-large\"><a href=\"http:\/\/www.cenais.cu\/cenais\/wp-content\/uploads\/2021\/06\/lademajagua.jpg\"><img loading=\"lazy\" decoding=\"async\" width=\"538\" height=\"717\" src=\"http:\/\/www.cenais.cu\/cenais\/wp-content\/uploads\/2021\/06\/lademajagua.jpg\" alt=\"\" class=\"wp-image-1326\" srcset=\"https:\/\/www.cenais.gob.cu\/cenais\/wp-content\/uploads\/2021\/06\/lademajagua.jpg 538w, https:\/\/www.cenais.gob.cu\/cenais\/wp-content\/uploads\/2021\/06\/lademajagua-225x300.jpg 225w\" sizes=\"auto, (max-width: 538px) 100vw, 538px\" \/><\/a><\/figure><\/div>\n\n\n\n<div class=\"wp-block-image\"><figure class=\"aligncenter size-large\"><a href=\"http:\/\/www.cenais.cu\/cenais\/wp-content\/uploads\/2021\/06\/cabocruz1992.jpg\"><img loading=\"lazy\" decoding=\"async\" width=\"717\" height=\"538\" src=\"http:\/\/www.cenais.cu\/cenais\/wp-content\/uploads\/2021\/06\/cabocruz1992.jpg\" alt=\"\" class=\"wp-image-1332\" srcset=\"https:\/\/www.cenais.gob.cu\/cenais\/wp-content\/uploads\/2021\/06\/cabocruz1992.jpg 717w, https:\/\/www.cenais.gob.cu\/cenais\/wp-content\/uploads\/2021\/06\/cabocruz1992-300x225.jpg 300w\" sizes=\"auto, (max-width: 717px) 100vw, 717px\" \/><\/a><\/figure><\/div>\n\n\n\n<p class=\"has-text-align-center\"><strong>FOTOS DE PILON<\/strong><\/p>\n\n\n\n<figure class=\"wp-block-gallery columns-3 is-cropped wp-block-gallery-1 is-layout-flex wp-block-gallery-is-layout-flex\"><ul class=\"blocks-gallery-grid\"><li class=\"blocks-gallery-item\"><figure><a href=\"http:\/\/www.cenais.cu\/cenais\/wp-content\/uploads\/2021\/06\/1992-Foto-en-PILON-01.jpg\"><img loading=\"lazy\" decoding=\"async\" width=\"343\" height=\"302\" src=\"http:\/\/www.cenais.cu\/cenais\/wp-content\/uploads\/2021\/06\/1992-Foto-en-PILON-01.jpg\" alt=\"\" data-id=\"1314\" data-full-url=\"http:\/\/www.cenais.cu\/cenais\/wp-content\/uploads\/2021\/06\/1992-Foto-en-PILON-01.jpg\" data-link=\"http:\/\/www.cenais.cu\/cenais\/index.php\/25-de-mayo-1992-1155-am-magnitud-6-9-intensidad-vii-en-cabo-cruz-granma\/1992-foto-en-pilon-01\/\" class=\"wp-image-1314\" srcset=\"https:\/\/www.cenais.gob.cu\/cenais\/wp-content\/uploads\/2021\/06\/1992-Foto-en-PILON-01.jpg 343w, https:\/\/www.cenais.gob.cu\/cenais\/wp-content\/uploads\/2021\/06\/1992-Foto-en-PILON-01-300x264.jpg 300w\" sizes=\"auto, (max-width: 343px) 100vw, 343px\" \/><\/a><\/figure><\/li><li class=\"blocks-gallery-item\"><figure><a href=\"http:\/\/www.cenais.cu\/cenais\/wp-content\/uploads\/2021\/06\/1992-Foto-en-PILON-02.jpg\"><img loading=\"lazy\" decoding=\"async\" width=\"338\" height=\"211\" src=\"http:\/\/www.cenais.cu\/cenais\/wp-content\/uploads\/2021\/06\/1992-Foto-en-PILON-02.jpg\" alt=\"\" data-id=\"1315\" data-full-url=\"http:\/\/www.cenais.cu\/cenais\/wp-content\/uploads\/2021\/06\/1992-Foto-en-PILON-02.jpg\" data-link=\"http:\/\/www.cenais.cu\/cenais\/index.php\/25-de-mayo-1992-1155-am-magnitud-6-9-intensidad-vii-en-cabo-cruz-granma\/1992-foto-en-pilon-02\/\" class=\"wp-image-1315\" srcset=\"https:\/\/www.cenais.gob.cu\/cenais\/wp-content\/uploads\/2021\/06\/1992-Foto-en-PILON-02.jpg 338w, https:\/\/www.cenais.gob.cu\/cenais\/wp-content\/uploads\/2021\/06\/1992-Foto-en-PILON-02-300x187.jpg 300w\" sizes=\"auto, (max-width: 338px) 100vw, 338px\" \/><\/a><\/figure><\/li><li class=\"blocks-gallery-item\"><figure><a href=\"http:\/\/www.cenais.cu\/cenais\/wp-content\/uploads\/2021\/06\/1992-Foto-en-PILON-03.jpg\"><img loading=\"lazy\" decoding=\"async\" width=\"219\" height=\"324\" src=\"http:\/\/www.cenais.cu\/cenais\/wp-content\/uploads\/2021\/06\/1992-Foto-en-PILON-03.jpg\" alt=\"\" data-id=\"1316\" data-full-url=\"http:\/\/www.cenais.cu\/cenais\/wp-content\/uploads\/2021\/06\/1992-Foto-en-PILON-03.jpg\" data-link=\"http:\/\/www.cenais.cu\/cenais\/index.php\/25-de-mayo-1992-1155-am-magnitud-6-9-intensidad-vii-en-cabo-cruz-granma\/1992-foto-en-pilon-03\/\" class=\"wp-image-1316\" srcset=\"https:\/\/www.cenais.gob.cu\/cenais\/wp-content\/uploads\/2021\/06\/1992-Foto-en-PILON-03.jpg 219w, https:\/\/www.cenais.gob.cu\/cenais\/wp-content\/uploads\/2021\/06\/1992-Foto-en-PILON-03-203x300.jpg 203w\" sizes=\"auto, (max-width: 219px) 100vw, 219px\" \/><\/a><\/figure><\/li><li class=\"blocks-gallery-item\"><figure><a href=\"http:\/\/www.cenais.cu\/cenais\/wp-content\/uploads\/2021\/06\/1992-Foto-en-PILON-04.jpg\"><img loading=\"lazy\" decoding=\"async\" width=\"230\" height=\"298\" src=\"http:\/\/www.cenais.cu\/cenais\/wp-content\/uploads\/2021\/06\/1992-Foto-en-PILON-04.jpg\" alt=\"\" data-id=\"1317\" data-full-url=\"http:\/\/www.cenais.cu\/cenais\/wp-content\/uploads\/2021\/06\/1992-Foto-en-PILON-04.jpg\" data-link=\"http:\/\/www.cenais.cu\/cenais\/index.php\/25-de-mayo-1992-1155-am-magnitud-6-9-intensidad-vii-en-cabo-cruz-granma\/1992-foto-en-pilon-04\/\" class=\"wp-image-1317\"\/><\/a><\/figure><\/li><li class=\"blocks-gallery-item\"><figure><a href=\"http:\/\/www.cenais.cu\/cenais\/wp-content\/uploads\/2021\/06\/1992-Foto-en-PILON-05.jpg\"><img loading=\"lazy\" decoding=\"async\" width=\"231\" height=\"317\" src=\"http:\/\/www.cenais.cu\/cenais\/wp-content\/uploads\/2021\/06\/1992-Foto-en-PILON-05.jpg\" alt=\"\" data-id=\"1318\" data-full-url=\"http:\/\/www.cenais.cu\/cenais\/wp-content\/uploads\/2021\/06\/1992-Foto-en-PILON-05.jpg\" data-link=\"http:\/\/www.cenais.cu\/cenais\/index.php\/25-de-mayo-1992-1155-am-magnitud-6-9-intensidad-vii-en-cabo-cruz-granma\/1992-foto-en-pilon-05\/\" class=\"wp-image-1318\" srcset=\"https:\/\/www.cenais.gob.cu\/cenais\/wp-content\/uploads\/2021\/06\/1992-Foto-en-PILON-05.jpg 231w, https:\/\/www.cenais.gob.cu\/cenais\/wp-content\/uploads\/2021\/06\/1992-Foto-en-PILON-05-219x300.jpg 219w\" sizes=\"auto, (max-width: 231px) 100vw, 231px\" \/><\/a><\/figure><\/li><li class=\"blocks-gallery-item\"><figure><a href=\"http:\/\/www.cenais.cu\/cenais\/wp-content\/uploads\/2021\/06\/1992-Foto-en-PILON-06.jpg\"><img loading=\"lazy\" decoding=\"async\" width=\"325\" height=\"228\" src=\"http:\/\/www.cenais.cu\/cenais\/wp-content\/uploads\/2021\/06\/1992-Foto-en-PILON-06.jpg\" alt=\"\" data-id=\"1319\" data-full-url=\"http:\/\/www.cenais.cu\/cenais\/wp-content\/uploads\/2021\/06\/1992-Foto-en-PILON-06.jpg\" data-link=\"http:\/\/www.cenais.cu\/cenais\/index.php\/25-de-mayo-1992-1155-am-magnitud-6-9-intensidad-vii-en-cabo-cruz-granma\/1992-foto-en-pilon-06\/\" class=\"wp-image-1319\" srcset=\"https:\/\/www.cenais.gob.cu\/cenais\/wp-content\/uploads\/2021\/06\/1992-Foto-en-PILON-06.jpg 325w, https:\/\/www.cenais.gob.cu\/cenais\/wp-content\/uploads\/2021\/06\/1992-Foto-en-PILON-06-300x210.jpg 300w\" sizes=\"auto, (max-width: 325px) 100vw, 325px\" \/><\/a><\/figure><\/li><li class=\"blocks-gallery-item\"><figure><a href=\"http:\/\/www.cenais.cu\/cenais\/wp-content\/uploads\/2021\/06\/1992-Foto-en-PILON-07.jpg\"><img loading=\"lazy\" decoding=\"async\" width=\"230\" height=\"307\" src=\"http:\/\/www.cenais.cu\/cenais\/wp-content\/uploads\/2021\/06\/1992-Foto-en-PILON-07.jpg\" alt=\"\" data-id=\"1320\" data-full-url=\"http:\/\/www.cenais.cu\/cenais\/wp-content\/uploads\/2021\/06\/1992-Foto-en-PILON-07.jpg\" data-link=\"http:\/\/www.cenais.cu\/cenais\/index.php\/25-de-mayo-1992-1155-am-magnitud-6-9-intensidad-vii-en-cabo-cruz-granma\/1992-foto-en-pilon-07\/\" class=\"wp-image-1320\" srcset=\"https:\/\/www.cenais.gob.cu\/cenais\/wp-content\/uploads\/2021\/06\/1992-Foto-en-PILON-07.jpg 230w, https:\/\/www.cenais.gob.cu\/cenais\/wp-content\/uploads\/2021\/06\/1992-Foto-en-PILON-07-225x300.jpg 225w\" sizes=\"auto, (max-width: 230px) 100vw, 230px\" \/><\/a><\/figure><\/li><li class=\"blocks-gallery-item\"><figure><a href=\"http:\/\/www.cenais.cu\/cenais\/wp-content\/uploads\/2021\/06\/1992-Foto-en-PILON-08.jpg\"><img loading=\"lazy\" decoding=\"async\" width=\"223\" height=\"321\" src=\"http:\/\/www.cenais.cu\/cenais\/wp-content\/uploads\/2021\/06\/1992-Foto-en-PILON-08.jpg\" alt=\"\" data-id=\"1321\" data-full-url=\"http:\/\/www.cenais.cu\/cenais\/wp-content\/uploads\/2021\/06\/1992-Foto-en-PILON-08.jpg\" data-link=\"http:\/\/www.cenais.cu\/cenais\/index.php\/25-de-mayo-1992-1155-am-magnitud-6-9-intensidad-vii-en-cabo-cruz-granma\/1992-foto-en-pilon-08\/\" class=\"wp-image-1321\" srcset=\"https:\/\/www.cenais.gob.cu\/cenais\/wp-content\/uploads\/2021\/06\/1992-Foto-en-PILON-08.jpg 223w, https:\/\/www.cenais.gob.cu\/cenais\/wp-content\/uploads\/2021\/06\/1992-Foto-en-PILON-08-208x300.jpg 208w\" sizes=\"auto, (max-width: 223px) 100vw, 223px\" \/><\/a><\/figure><\/li><li class=\"blocks-gallery-item\"><figure><a href=\"http:\/\/www.cenais.cu\/cenais\/wp-content\/uploads\/2021\/06\/1992-Foto-en-PILON-09.jpg\"><img loading=\"lazy\" decoding=\"async\" width=\"224\" height=\"302\" src=\"http:\/\/www.cenais.cu\/cenais\/wp-content\/uploads\/2021\/06\/1992-Foto-en-PILON-09.jpg\" alt=\"\" data-id=\"1322\" data-full-url=\"http:\/\/www.cenais.cu\/cenais\/wp-content\/uploads\/2021\/06\/1992-Foto-en-PILON-09.jpg\" data-link=\"http:\/\/www.cenais.cu\/cenais\/index.php\/25-de-mayo-1992-1155-am-magnitud-6-9-intensidad-vii-en-cabo-cruz-granma\/1992-foto-en-pilon-09\/\" class=\"wp-image-1322\" srcset=\"https:\/\/www.cenais.gob.cu\/cenais\/wp-content\/uploads\/2021\/06\/1992-Foto-en-PILON-09.jpg 224w, https:\/\/www.cenais.gob.cu\/cenais\/wp-content\/uploads\/2021\/06\/1992-Foto-en-PILON-09-223x300.jpg 223w\" sizes=\"auto, (max-width: 224px) 100vw, 224px\" \/><\/a><\/figure><\/li><li class=\"blocks-gallery-item\"><figure><a href=\"http:\/\/www.cenais.cu\/cenais\/wp-content\/uploads\/2021\/06\/1992-Foto-en-PILON-10.jpg\"><img loading=\"lazy\" decoding=\"async\" width=\"224\" height=\"315\" src=\"http:\/\/www.cenais.cu\/cenais\/wp-content\/uploads\/2021\/06\/1992-Foto-en-PILON-10.jpg\" alt=\"\" data-id=\"1323\" data-full-url=\"http:\/\/www.cenais.cu\/cenais\/wp-content\/uploads\/2021\/06\/1992-Foto-en-PILON-10.jpg\" data-link=\"http:\/\/www.cenais.cu\/cenais\/index.php\/25-de-mayo-1992-1155-am-magnitud-6-9-intensidad-vii-en-cabo-cruz-granma\/1992-foto-en-pilon-10\/\" class=\"wp-image-1323\" srcset=\"https:\/\/www.cenais.gob.cu\/cenais\/wp-content\/uploads\/2021\/06\/1992-Foto-en-PILON-10.jpg 224w, https:\/\/www.cenais.gob.cu\/cenais\/wp-content\/uploads\/2021\/06\/1992-Foto-en-PILON-10-213x300.jpg 213w\" sizes=\"auto, (max-width: 224px) 100vw, 224px\" \/><\/a><\/figure><\/li><\/ul><\/figure>\n","protected":false},"excerpt":{"rendered":"<p>Terremoto perceptible en todas las provincias orientales y centro del pa\u00eds. Agriet\u00f3 numerosas paredes de edificaciones y produjo p\u00e1nico en la poblaci\u00f3n. A ra\u00edz de la ocurrencia de ese evento, el de mayor magnitud registrado instrumentalmente en Cuba hasta esa fecha, el Comandante en Jefe Fidel Castro Ruz visit\u00f3 la provincia Granma y la sede [&hellip;]<\/p>\n","protected":false},"author":2,"featured_media":0,"parent":0,"menu_order":0,"comment_status":"closed","ping_status":"closed","template":"","meta":{"footnotes":""},"class_list":["post-1305","page","type-page","status-publish","hentry"],"_links":{"self":[{"href":"https:\/\/www.cenais.gob.cu\/cenais\/index.php?rest_route=\/wp\/v2\/pages\/1305","targetHints":{"allow":["GET"]}}],"collection":[{"href":"https:\/\/www.cenais.gob.cu\/cenais\/index.php?rest_route=\/wp\/v2\/pages"}],"about":[{"href":"https:\/\/www.cenais.gob.cu\/cenais\/index.php?rest_route=\/wp\/v2\/types\/page"}],"author":[{"embeddable":true,"href":"https:\/\/www.cenais.gob.cu\/cenais\/index.php?rest_route=\/wp\/v2\/users\/2"}],"replies":[{"embeddable":true,"href":"https:\/\/www.cenais.gob.cu\/cenais\/index.php?rest_route=%2Fwp%2Fv2%2Fcomments&post=1305"}],"version-history":[{"count":8,"href":"https:\/\/www.cenais.gob.cu\/cenais\/index.php?rest_route=\/wp\/v2\/pages\/1305\/revisions"}],"predecessor-version":[{"id":1337,"href":"https:\/\/www.cenais.gob.cu\/cenais\/index.php?rest_route=\/wp\/v2\/pages\/1305\/revisions\/1337"}],"wp:attachment":[{"href":"https:\/\/www.cenais.gob.cu\/cenais\/index.php?rest_route=%2Fwp%2Fv2%2Fmedia&parent=1305"}],"curies":[{"name":"wp","href":"https:\/\/api.w.org\/{rel}","templated":true}]}}