{"id":1272,"date":"2021-06-02T18:45:59","date_gmt":"2021-06-02T18:45:59","guid":{"rendered":"http:\/\/www.cenais.cu\/cenais\/?page_id=1272"},"modified":"2023-03-22T14:52:55","modified_gmt":"2023-03-22T14:52:55","slug":"materiales-didacticos","status":"publish","type":"page","link":"https:\/\/www.cenais.gob.cu\/cenais\/?page_id=1272","title":{"rendered":"Materiales Did\u00e1cticos"},"content":{"rendered":"\n<div class=\"wp-block-columns is-layout-flex wp-container-core-columns-is-layout-9d6595d7 wp-block-columns-is-layout-flex\">\n<div class=\"wp-block-column is-layout-flow wp-block-column-is-layout-flow\">\n<ul class=\"wp-block-list\">\n<li><a rel=\"noreferrer noopener\" href=\"\/productos\/didacticos\/cartilla.pdf\" target=\"_blank\">Cartilla de consejos pr\u00e1cticos para viviendas sismorresistentes.<\/a><\/li>\n\n\n\n<li><\/li>\n\n\n\n<li><a href=\"\/productos\/didacticos\/1ros-Auxilios.pdf\" target=\"_blank\" rel=\"noreferrer noopener\">Plegable de Primeros Auxilios.<\/a><\/li>\n\n\n\n<li><\/li>\n\n\n\n<li><a href=\"\/productos\/didacticos\/preparacion_comunitaria\/normas de conducta.pdf\" target=\"_blank\" rel=\"noreferrer noopener\">Plegable de normas de conducta antes, durante y despu\u00e9s de un terremoto.<\/a><\/li>\n\n\n\n<li><\/li>\n\n\n\n<li><a href=\"\/productos\/didacticos\/Plegable_SISMOS-planFAMILIAR.pdf\" target=\"_blank\" rel=\"noreferrer noopener\">Plegable de Plan Familiar ante un sismo de gran intensidad.<\/a><\/li>\n\n\n\n<li><\/li>\n\n\n\n<li><a href=\"\/productos\/didacticos\/manual_para_formadores\/Manual Formadores.pdf\" target=\"_blank\" rel=\"noreferrer noopener\">Manual de Formadores para la comunidad.<\/a><\/li>\n<\/ul>\n<\/div>\n\n\n\n<div class=\"wp-block-column is-layout-flow wp-block-column-is-layout-flow\">\n<ul class=\"wp-block-list\">\n<li><a rel=\"noreferrer noopener\" href=\"\/productos\/didacticos\/2010 LIBRO Univ p Todos- Parte 1.pdf\" target=\"_blank\">Tabloide del curso de sismolog\u00eda de Universidad para todos. Parte 1.<\/a><\/li>\n\n\n\n<li><\/li>\n\n\n\n<li><a rel=\"noreferrer noopener\" href=\"\/productos\/didacticos\/2010 LIBRO Univ p Todos- Parte 2.pdf\" target=\"_blank\">Tabloide del curso de sismolog\u00eda de Universidad para todos. Parte 2.<\/a><\/li>\n\n\n\n<li><\/li>\n<\/ul>\n\n\n\n<ul class=\"wp-block-list\">\n<li><a href=\"\/productos\/didacticos\/juegos_para_ninos\/Didactico_JuegoMesa_Imprenta.pdf\" target=\"_blank\" rel=\"noreferrer noopener\">Juegos de Mesa CAMINATA y PARCHIS S\u00edsmico.<\/a><\/li>\n\n\n\n<li><\/li>\n\n\n\n<li><a rel=\"noreferrer noopener\" href=\"\/productos\/didacticos\/juegos_para_ninos\/Manual_Didactico.pdf\" target=\"_blank\">Aprendiendo a protegerse Jugando y coloreando.<\/a><\/li>\n<\/ul>\n<\/div>\n<\/div>\n\n\n\n<p><\/p>\n\n\n\n<p class=\"has-text-align-center\"><strong>AUDIOVISUALES<\/strong>. <\/p>\n\n\n\n<div class=\"wp-block-columns is-layout-flex wp-container-core-columns-is-layout-9d6595d7 wp-block-columns-is-layout-flex\">\n<div class=\"wp-block-column is-layout-flow wp-block-column-is-layout-flow\">\n<p><strong>Curso Universidad para Todos<\/strong><\/p>\n\n\n\n<p><a rel=\"noreferrer noopener\" savefrom_lm_index=\"0\" savefrom_lm=\"1\" href=\"https:\/\/www.youtube.com\/watch?v=zkU_Q_Yyc-w&amp;t=246s\" target=\"_blank\">Elementos de Sismolog\u00eda 1<\/a><span style=\"padding: 0; margin: 0; margin-left: 5px;\"><a title=\"Obtener un enlace directo\" style=\"background-image: url(&quot;data:image\/gif;base64,R0lGODlhEAAQAOZ3APf39+Xl5fT09OPj4\/Hx8evr6\/3+\/u7u7uDh4OPi497e3t7e3\/z8\/P79\/X3GbuXl5ubl5eHg4WzFUfb39+Pj4lzGOV7LOPz7+\/n6+vn5+ZTLj9\/e387Ozt7f3\/7+\/vv7\/ISbePn5+m\/JV1nRKXmVbkCnKVrSLDqsCuDh4d\/e3uDn3\/z7\/H6TdVeaV1uSW+bn5v39\/eXm5eXm5kyHP\/f39pzGmVy7J3yRd9\/f3mLEKkXCHJbka2TVM5vaZn6Wdfn6+YG\/c\/r5+ZO\/jeLi41aHTIeageLn4f39\/vr6+kzNG2PVM5i+lomdf2CXYKHVmtzo2YXNeDqsBebl5uHh4HDKWN3g3kKqEH6WeZHTXIPKdnSPbv79\/pfmbE7PHpe1l4O8dTO5DODg4VDLIlKUUtzo2J7SmEWsLlG4NJbFjkrJHP7+\/VK5Nfz8+zmnC3KKa+Hg4OHh4Y63j\/3+\/eDg4Ojo6P\/\/\/8DAwP\/\/\/wAAAAAAAAAAAAAAAAAAAAAAAAAAAAAAACH5BAEAAHcALAAAAAAQABAAAAfWgHd2g4SFhYJzdYqLjIpzgx5bBgYwHg1Hk2oNDXKDFwwfDF5NLmMtcStsn4MhGT8YS04aGmU1QRhIGYMTADQAQlAODlloAMYTgwICRmRfVBISIkBPKsqDBAREZmcVFhYVayUz2IMHB1dWOmImI2lgUVrmgwUFLzdtXTxKSSduMfSD6Aik48MGlx05SAykM0gKhAAPAhTB0oNFABkPHg5KMIBCxzlMQFQZMGBIggSDpsCJgGDOmzkIUCAIM2dOhEEcNijQuQDHgg4KOqRYwMGOIENIB90JBAA7&quot;); background-repeat: no-repeat; width: 16px; height: 16px; display: inline-block; border: medium none; text-decoration: none; padding: 0px; position: relative;\" savefrom_lm=\"1\" savefrom_lm_is_link=\"1\" href=\"http:\/\/savefrom.net\/?url=https%3A%2F%2Fwww.youtube.com%2Fwatch%3Fv%3DzkU_Q_Yyc-w%26t%3D246s&amp;utm_source=ff&amp;utm_medium=extensions&amp;utm_campaign=link_modifier\" target=\"_blank\" rel=\"noopener\"><\/a><\/span><\/p>\n\n\n\n<p><a rel=\"noreferrer noopener\" savefrom_lm_index=\"0\" savefrom_lm=\"1\" href=\"https:\/\/www.youtube.com\/watch?v=EeX6ljZqPx4&amp;t=230s\" target=\"_blank\">Elementos de Sismolo<\/a>g<a rel=\"noreferrer noopener\" savefrom_lm_index=\"0\" savefrom_lm=\"1\" href=\"https:\/\/www.youtube.com\/watch?v=EeX6ljZqPx4&amp;t=230s\" target=\"_blank\">\u00eda 2<\/a><span style=\"padding: 0; margin: 0; margin-left: 5px;\"><a title=\"Obtener un enlace directo\" style=\"background-image: url(&quot;data:image\/gif;base64,R0lGODlhEAAQAOZ3APf39+Xl5fT09OPj4\/Hx8evr6\/3+\/u7u7uDh4OPi497e3t7e3\/z8\/P79\/X3GbuXl5ubl5eHg4WzFUfb39+Pj4lzGOV7LOPz7+\/n6+vn5+ZTLj9\/e387Ozt7f3\/7+\/vv7\/ISbePn5+m\/JV1nRKXmVbkCnKVrSLDqsCuDh4d\/e3uDn3\/z7\/H6TdVeaV1uSW+bn5v39\/eXm5eXm5kyHP\/f39pzGmVy7J3yRd9\/f3mLEKkXCHJbka2TVM5vaZn6Wdfn6+YG\/c\/r5+ZO\/jeLi41aHTIeageLn4f39\/vr6+kzNG2PVM5i+lomdf2CXYKHVmtzo2YXNeDqsBebl5uHh4HDKWN3g3kKqEH6WeZHTXIPKdnSPbv79\/pfmbE7PHpe1l4O8dTO5DODg4VDLIlKUUtzo2J7SmEWsLlG4NJbFjkrJHP7+\/VK5Nfz8+zmnC3KKa+Hg4OHh4Y63j\/3+\/eDg4Ojo6P\/\/\/8DAwP\/\/\/wAAAAAAAAAAAAAAAAAAAAAAAAAAAAAAACH5BAEAAHcALAAAAAAQABAAAAfWgHd2g4SFhYJzdYqLjIpzgx5bBgYwHg1Hk2oNDXKDFwwfDF5NLmMtcStsn4MhGT8YS04aGmU1QRhIGYMTADQAQlAODlloAMYTgwICRmRfVBISIkBPKsqDBAREZmcVFhYVayUz2IMHB1dWOmImI2lgUVrmgwUFLzdtXTxKSSduMfSD6Aik48MGlx05SAykM0gKhAAPAhTB0oNFABkPHg5KMIBCxzlMQFQZMGBIggSDpsCJgGDOmzkIUCAIM2dOhEEcNijQuQDHgg4KOqRYwMGOIENIB90JBAA7&quot;); background-repeat: no-repeat; width: 16px; height: 16px; display: inline-block; border: medium none; text-decoration: none; padding: 0px; position: relative;\" savefrom_lm=\"1\" savefrom_lm_is_link=\"1\" href=\"http:\/\/savefrom.net\/?url=https%3A%2F%2Fwww.youtube.com%2Fwatch%3Fv%3DEeX6ljZqPx4%26t%3D230s&amp;utm_source=ff&amp;utm_medium=extensions&amp;utm_campaign=link_modifier\" target=\"_blank\" rel=\"noopener\"><\/a><\/span><\/p>\n\n\n\n<p><a rel=\"noreferrer noopener\" savefrom_lm_index=\"0\" savefrom_lm=\"1\" href=\"https:\/\/www.youtube.com\/watch?v=1ZCS1IYw2ls&amp;t=227s\" target=\"_blank\">Elementos de Sismolo<\/a>g<a rel=\"noreferrer noopener\" savefrom_lm_index=\"0\" savefrom_lm=\"1\" href=\"https:\/\/www.youtube.com\/watch?v=1ZCS1IYw2ls&amp;t=227s\" target=\"_blank\">\u00eda 3<\/a><span style=\"padding: 0; margin: 0; margin-left: 5px;\"><a title=\"Obtener un enlace directo\" style=\"background-image: url(&quot;data:image\/gif;base64,R0lGODlhEAAQAOZ3APf39+Xl5fT09OPj4\/Hx8evr6\/3+\/u7u7uDh4OPi497e3t7e3\/z8\/P79\/X3GbuXl5ubl5eHg4WzFUfb39+Pj4lzGOV7LOPz7+\/n6+vn5+ZTLj9\/e387Ozt7f3\/7+\/vv7\/ISbePn5+m\/JV1nRKXmVbkCnKVrSLDqsCuDh4d\/e3uDn3\/z7\/H6TdVeaV1uSW+bn5v39\/eXm5eXm5kyHP\/f39pzGmVy7J3yRd9\/f3mLEKkXCHJbka2TVM5vaZn6Wdfn6+YG\/c\/r5+ZO\/jeLi41aHTIeageLn4f39\/vr6+kzNG2PVM5i+lomdf2CXYKHVmtzo2YXNeDqsBebl5uHh4HDKWN3g3kKqEH6WeZHTXIPKdnSPbv79\/pfmbE7PHpe1l4O8dTO5DODg4VDLIlKUUtzo2J7SmEWsLlG4NJbFjkrJHP7+\/VK5Nfz8+zmnC3KKa+Hg4OHh4Y63j\/3+\/eDg4Ojo6P\/\/\/8DAwP\/\/\/wAAAAAAAAAAAAAAAAAAAAAAAAAAAAAAACH5BAEAAHcALAAAAAAQABAAAAfWgHd2g4SFhYJzdYqLjIpzgx5bBgYwHg1Hk2oNDXKDFwwfDF5NLmMtcStsn4MhGT8YS04aGmU1QRhIGYMTADQAQlAODlloAMYTgwICRmRfVBISIkBPKsqDBAREZmcVFhYVayUz2IMHB1dWOmImI2lgUVrmgwUFLzdtXTxKSSduMfSD6Aik48MGlx05SAykM0gKhAAPAhTB0oNFABkPHg5KMIBCxzlMQFQZMGBIggSDpsCJgGDOmzkIUCAIM2dOhEEcNijQuQDHgg4KOqRYwMGOIENIB90JBAA7&quot;); background-repeat: no-repeat; width: 16px; height: 16px; display: inline-block; border: medium none; text-decoration: none; padding: 0px; position: relative;\" savefrom_lm=\"1\" savefrom_lm_is_link=\"1\" href=\"http:\/\/savefrom.net\/?url=https%3A%2F%2Fwww.youtube.com%2Fwatch%3Fv%3D1ZCS1IYw2ls%26t%3D227s&amp;utm_source=ff&amp;utm_medium=extensions&amp;utm_campaign=link_modifier\" target=\"_blank\" rel=\"noopener\"><\/a><\/span><\/p>\n\n\n\n<p><a rel=\"noreferrer noopener\" savefrom_lm_index=\"0\" savefrom_lm=\"1\" href=\"https:\/\/www.youtube.com\/watch?v=LWYtb72GU3c\" target=\"_blank\">Elementos de Sismolo<\/a>g<a rel=\"noreferrer noopener\" savefrom_lm_index=\"0\" savefrom_lm=\"1\" href=\"https:\/\/www.youtube.com\/watch?v=LWYtb72GU3c\" target=\"_blank\">\u00eda 4<\/a><span style=\"padding: 0; margin: 0; margin-left: 5px;\"><a title=\"Obtener un enlace directo\" style=\"background-image: url(&quot;data:image\/gif;base64,R0lGODlhEAAQAOZ3APf39+Xl5fT09OPj4\/Hx8evr6\/3+\/u7u7uDh4OPi497e3t7e3\/z8\/P79\/X3GbuXl5ubl5eHg4WzFUfb39+Pj4lzGOV7LOPz7+\/n6+vn5+ZTLj9\/e387Ozt7f3\/7+\/vv7\/ISbePn5+m\/JV1nRKXmVbkCnKVrSLDqsCuDh4d\/e3uDn3\/z7\/H6TdVeaV1uSW+bn5v39\/eXm5eXm5kyHP\/f39pzGmVy7J3yRd9\/f3mLEKkXCHJbka2TVM5vaZn6Wdfn6+YG\/c\/r5+ZO\/jeLi41aHTIeageLn4f39\/vr6+kzNG2PVM5i+lomdf2CXYKHVmtzo2YXNeDqsBebl5uHh4HDKWN3g3kKqEH6WeZHTXIPKdnSPbv79\/pfmbE7PHpe1l4O8dTO5DODg4VDLIlKUUtzo2J7SmEWsLlG4NJbFjkrJHP7+\/VK5Nfz8+zmnC3KKa+Hg4OHh4Y63j\/3+\/eDg4Ojo6P\/\/\/8DAwP\/\/\/wAAAAAAAAAAAAAAAAAAAAAAAAAAAAAAACH5BAEAAHcALAAAAAAQABAAAAfWgHd2g4SFhYJzdYqLjIpzgx5bBgYwHg1Hk2oNDXKDFwwfDF5NLmMtcStsn4MhGT8YS04aGmU1QRhIGYMTADQAQlAODlloAMYTgwICRmRfVBISIkBPKsqDBAREZmcVFhYVayUz2IMHB1dWOmImI2lgUVrmgwUFLzdtXTxKSSduMfSD6Aik48MGlx05SAykM0gKhAAPAhTB0oNFABkPHg5KMIBCxzlMQFQZMGBIggSDpsCJgGDOmzkIUCAIM2dOhEEcNijQuQDHgg4KOqRYwMGOIENIB90JBAA7&quot;); background-repeat: no-repeat; width: 16px; height: 16px; display: inline-block; border: medium none; text-decoration: none; padding: 0px; position: relative;\" savefrom_lm=\"1\" savefrom_lm_is_link=\"1\" href=\"http:\/\/savefrom.net\/?url=https%3A%2F%2Fwww.youtube.com%2Fwatch%3Fv%3DLWYtb72GU3c&amp;utm_source=ff&amp;utm_medium=extensions&amp;utm_campaign=link_modifier\" target=\"_blank\" rel=\"noopener\"><\/a><\/span><\/p>\n\n\n\n<p><a rel=\"noreferrer noopener\" savefrom_lm_index=\"0\" savefrom_lm=\"1\" href=\"https:\/\/www.youtube.com\/watch?v=fPUMFsU9GQ0\" target=\"_blank\">Elementos de Sismolo<\/a>g<a rel=\"noreferrer noopener\" savefrom_lm_index=\"0\" savefrom_lm=\"1\" href=\"https:\/\/www.youtube.com\/watch?v=fPUMFsU9GQ0\" target=\"_blank\">\u00eda 5<\/a><span style=\"padding: 0; margin: 0; margin-left: 5px;\"><a title=\"Obtener un enlace directo\" style=\"background-image: url(&quot;data:image\/gif;base64,R0lGODlhEAAQAOZ3APf39+Xl5fT09OPj4\/Hx8evr6\/3+\/u7u7uDh4OPi497e3t7e3\/z8\/P79\/X3GbuXl5ubl5eHg4WzFUfb39+Pj4lzGOV7LOPz7+\/n6+vn5+ZTLj9\/e387Ozt7f3\/7+\/vv7\/ISbePn5+m\/JV1nRKXmVbkCnKVrSLDqsCuDh4d\/e3uDn3\/z7\/H6TdVeaV1uSW+bn5v39\/eXm5eXm5kyHP\/f39pzGmVy7J3yRd9\/f3mLEKkXCHJbka2TVM5vaZn6Wdfn6+YG\/c\/r5+ZO\/jeLi41aHTIeageLn4f39\/vr6+kzNG2PVM5i+lomdf2CXYKHVmtzo2YXNeDqsBebl5uHh4HDKWN3g3kKqEH6WeZHTXIPKdnSPbv79\/pfmbE7PHpe1l4O8dTO5DODg4VDLIlKUUtzo2J7SmEWsLlG4NJbFjkrJHP7+\/VK5Nfz8+zmnC3KKa+Hg4OHh4Y63j\/3+\/eDg4Ojo6P\/\/\/8DAwP\/\/\/wAAAAAAAAAAAAAAAAAAAAAAAAAAAAAAACH5BAEAAHcALAAAAAAQABAAAAfWgHd2g4SFhYJzdYqLjIpzgx5bBgYwHg1Hk2oNDXKDFwwfDF5NLmMtcStsn4MhGT8YS04aGmU1QRhIGYMTADQAQlAODlloAMYTgwICRmRfVBISIkBPKsqDBAREZmcVFhYVayUz2IMHB1dWOmImI2lgUVrmgwUFLzdtXTxKSSduMfSD6Aik48MGlx05SAykM0gKhAAPAhTB0oNFABkPHg5KMIBCxzlMQFQZMGBIggSDpsCJgGDOmzkIUCAIM2dOhEEcNijQuQDHgg4KOqRYwMGOIENIB90JBAA7&quot;); background-repeat: no-repeat; width: 16px; height: 16px; display: inline-block; border: medium none; text-decoration: none; padding: 0px; position: relative;\" savefrom_lm=\"1\" savefrom_lm_is_link=\"1\" href=\"http:\/\/savefrom.net\/?url=https%3A%2F%2Fwww.youtube.com%2Fwatch%3Fv%3DfPUMFsU9GQ0&amp;utm_source=ff&amp;utm_medium=extensions&amp;utm_campaign=link_modifier\" target=\"_blank\" rel=\"noopener\"><\/a><\/span><\/p>\n\n\n\n<p><a href=\"https:\/\/www.youtube.com\/watch?v=I7i0oFxEGZc\" target=\"_blank\" rel=\"noreferrer noopener\">Vulnerabilidad S\u00edsmica<\/a><\/p>\n<\/div>\n\n\n\n<div class=\"wp-block-column is-layout-flow wp-block-column-is-layout-flow\">\n<p><strong>Documentales<\/strong><\/p>\n\n\n\n<p><a href=\"https:\/\/www.youtube.com\/watch?v=zsr5c6bnSF4\" target=\"_blank\" rel=\"noreferrer noopener\">Al borde de la Falla. <\/a><span style=\"padding: 0; margin: 0; margin-left: 5px;\"><\/span><\/p>\n\n\n\n<p><a href=\"https:\/\/www.youtube.com\/watch?v=kxb1BhIcIbU\" target=\"_blank\" rel=\"noreferrer noopener\">Ante un sismo PREPARADOS.<\/a><\/p>\n\n\n\n<p><strong>Spots Televisivos<\/strong><\/p>\n\n\n\n<p><a rel=\"noreferrer noopener\" savefrom_lm_index=\"0\" savefrom_lm=\"1\" href=\"https:\/\/www.youtube.com\/watch?v=ZuO334qUf5s\" target=\"_blank\">P\u00e1nfilo. Antes de un sismo.<\/a><span style=\"padding: 0; margin: 0; margin-left: 5px;\"><a title=\"Obtener un enlace directo\" style=\"background-image: url(&quot;data:image\/gif;base64,R0lGODlhEAAQAOZ3APf39+Xl5fT09OPj4\/Hx8evr6\/3+\/u7u7uDh4OPi497e3t7e3\/z8\/P79\/X3GbuXl5ubl5eHg4WzFUfb39+Pj4lzGOV7LOPz7+\/n6+vn5+ZTLj9\/e387Ozt7f3\/7+\/vv7\/ISbePn5+m\/JV1nRKXmVbkCnKVrSLDqsCuDh4d\/e3uDn3\/z7\/H6TdVeaV1uSW+bn5v39\/eXm5eXm5kyHP\/f39pzGmVy7J3yRd9\/f3mLEKkXCHJbka2TVM5vaZn6Wdfn6+YG\/c\/r5+ZO\/jeLi41aHTIeageLn4f39\/vr6+kzNG2PVM5i+lomdf2CXYKHVmtzo2YXNeDqsBebl5uHh4HDKWN3g3kKqEH6WeZHTXIPKdnSPbv79\/pfmbE7PHpe1l4O8dTO5DODg4VDLIlKUUtzo2J7SmEWsLlG4NJbFjkrJHP7+\/VK5Nfz8+zmnC3KKa+Hg4OHh4Y63j\/3+\/eDg4Ojo6P\/\/\/8DAwP\/\/\/wAAAAAAAAAAAAAAAAAAAAAAAAAAAAAAACH5BAEAAHcALAAAAAAQABAAAAfWgHd2g4SFhYJzdYqLjIpzgx5bBgYwHg1Hk2oNDXKDFwwfDF5NLmMtcStsn4MhGT8YS04aGmU1QRhIGYMTADQAQlAODlloAMYTgwICRmRfVBISIkBPKsqDBAREZmcVFhYVayUz2IMHB1dWOmImI2lgUVrmgwUFLzdtXTxKSSduMfSD6Aik48MGlx05SAykM0gKhAAPAhTB0oNFABkPHg5KMIBCxzlMQFQZMGBIggSDpsCJgGDOmzkIUCAIM2dOhEEcNijQuQDHgg4KOqRYwMGOIENIB90JBAA7&quot;); background-repeat: no-repeat; width: 16px; height: 16px; display: inline-block; border: medium none; text-decoration: none; padding: 0px; position: relative;\" savefrom_lm=\"1\" savefrom_lm_is_link=\"1\" href=\"http:\/\/savefrom.net\/?url=https%3A%2F%2Fwww.youtube.com%2Fwatch%3Fv%3DZuO334qUf5s&amp;utm_source=ff&amp;utm_medium=extensions&amp;utm_campaign=link_modifier\" target=\"_blank\" rel=\"noopener\"><\/a><\/span><\/p>\n\n\n\n<p><a rel=\"noreferrer noopener\" savefrom_lm_index=\"0\" savefrom_lm=\"1\" href=\"https:\/\/www.youtube.com\/watch?v=swe-ZEJckcI\" target=\"_blank\">P\u00e1nfilo. Durante un sismo.<\/a><span style=\"padding: 0; margin: 0; margin-left: 5px;\"><a title=\"Obtener un enlace directo\" style=\"background-image: url(&quot;data:image\/gif;base64,R0lGODlhEAAQAOZ3APf39+Xl5fT09OPj4\/Hx8evr6\/3+\/u7u7uDh4OPi497e3t7e3\/z8\/P79\/X3GbuXl5ubl5eHg4WzFUfb39+Pj4lzGOV7LOPz7+\/n6+vn5+ZTLj9\/e387Ozt7f3\/7+\/vv7\/ISbePn5+m\/JV1nRKXmVbkCnKVrSLDqsCuDh4d\/e3uDn3\/z7\/H6TdVeaV1uSW+bn5v39\/eXm5eXm5kyHP\/f39pzGmVy7J3yRd9\/f3mLEKkXCHJbka2TVM5vaZn6Wdfn6+YG\/c\/r5+ZO\/jeLi41aHTIeageLn4f39\/vr6+kzNG2PVM5i+lomdf2CXYKHVmtzo2YXNeDqsBebl5uHh4HDKWN3g3kKqEH6WeZHTXIPKdnSPbv79\/pfmbE7PHpe1l4O8dTO5DODg4VDLIlKUUtzo2J7SmEWsLlG4NJbFjkrJHP7+\/VK5Nfz8+zmnC3KKa+Hg4OHh4Y63j\/3+\/eDg4Ojo6P\/\/\/8DAwP\/\/\/wAAAAAAAAAAAAAAAAAAAAAAAAAAAAAAACH5BAEAAHcALAAAAAAQABAAAAfWgHd2g4SFhYJzdYqLjIpzgx5bBgYwHg1Hk2oNDXKDFwwfDF5NLmMtcStsn4MhGT8YS04aGmU1QRhIGYMTADQAQlAODlloAMYTgwICRmRfVBISIkBPKsqDBAREZmcVFhYVayUz2IMHB1dWOmImI2lgUVrmgwUFLzdtXTxKSSduMfSD6Aik48MGlx05SAykM0gKhAAPAhTB0oNFABkPHg5KMIBCxzlMQFQZMGBIggSDpsCJgGDOmzkIUCAIM2dOhEEcNijQuQDHgg4KOqRYwMGOIENIB90JBAA7&quot;); background-repeat: no-repeat; width: 16px; height: 16px; display: inline-block; border: medium none; text-decoration: none; padding: 0px; position: relative;\" savefrom_lm=\"1\" savefrom_lm_is_link=\"1\" href=\"http:\/\/savefrom.net\/?url=https%3A%2F%2Fwww.youtube.com%2Fwatch%3Fv%3Dswe-ZEJckcI&amp;utm_source=ff&amp;utm_medium=extensions&amp;utm_campaign=link_modifier\" target=\"_blank\" rel=\"noopener\"><\/a><\/span><\/p>\n\n\n\n<p><a href=\"https:\/\/www.youtube.com\/watch?v=F5MyXVqtQZM\" target=\"_blank\" rel=\"noreferrer noopener\">P\u00e1nfilo. Despu\u00e9s de un sismo.<\/a><\/p>\n<\/div>\n<\/div>\n\n\n\n<p><\/p>\n\n\n\n<p class=\"has-text-align-center\"><a href=\"https:\/\/www.youtube.com\/channel\/UCJNJWIzu9rsX4rrVqQY-LVQ\/videos\" target=\"_blank\" rel=\"noreferrer noopener\">Para m\u00e1s video visite nuestro canal en Youtube<\/a><\/p>\n","protected":false},"excerpt":{"rendered":"<p>AUDIOVISUALES. Curso Universidad para Todos Elementos de Sismolog\u00eda 1 Elementos de Sismolog\u00eda 2 Elementos de Sismolog\u00eda 3 Elementos de Sismolog\u00eda 4 Elementos de Sismolog\u00eda 5 Vulnerabilidad S\u00edsmica Documentales Al borde de la Falla. Ante un sismo PREPARADOS. Spots Televisivos P\u00e1nfilo. Antes de un sismo. P\u00e1nfilo. Durante un sismo. P\u00e1nfilo. Despu\u00e9s de un sismo. Para m\u00e1s [&hellip;]<\/p>\n","protected":false},"author":2,"featured_media":0,"parent":0,"menu_order":0,"comment_status":"closed","ping_status":"closed","template":"","meta":{"footnotes":""},"class_list":["post-1272","page","type-page","status-publish","hentry"],"_links":{"self":[{"href":"https:\/\/www.cenais.gob.cu\/cenais\/index.php?rest_route=\/wp\/v2\/pages\/1272","targetHints":{"allow":["GET"]}}],"collection":[{"href":"https:\/\/www.cenais.gob.cu\/cenais\/index.php?rest_route=\/wp\/v2\/pages"}],"about":[{"href":"https:\/\/www.cenais.gob.cu\/cenais\/index.php?rest_route=\/wp\/v2\/types\/page"}],"author":[{"embeddable":true,"href":"https:\/\/www.cenais.gob.cu\/cenais\/index.php?rest_route=\/wp\/v2\/users\/2"}],"replies":[{"embeddable":true,"href":"https:\/\/www.cenais.gob.cu\/cenais\/index.php?rest_route=%2Fwp%2Fv2%2Fcomments&post=1272"}],"version-history":[{"count":21,"href":"https:\/\/www.cenais.gob.cu\/cenais\/index.php?rest_route=\/wp\/v2\/pages\/1272\/revisions"}],"predecessor-version":[{"id":1844,"href":"https:\/\/www.cenais.gob.cu\/cenais\/index.php?rest_route=\/wp\/v2\/pages\/1272\/revisions\/1844"}],"wp:attachment":[{"href":"https:\/\/www.cenais.gob.cu\/cenais\/index.php?rest_route=%2Fwp%2Fv2%2Fmedia&parent=1272"}],"curies":[{"name":"wp","href":"https:\/\/api.w.org\/{rel}","templated":true}]}}