{"id":120,"date":"2020-02-22T20:02:11","date_gmt":"2020-02-22T20:02:11","guid":{"rendered":"http:\/\/192.168.12.95\/wordpress\/?page_id=120"},"modified":"2023-03-22T16:23:15","modified_gmt":"2023-03-22T16:23:15","slug":"escala-de-intensidad","status":"publish","type":"page","link":"https:\/\/www.cenais.gob.cu\/cenais\/?page_id=120","title":{"rendered":"Escala Macros\u00edsmica Europea 1998"},"content":{"rendered":"<h2 class=\"contentheading\">EMS &#8211; 98<\/h2>\n<p>Editor<br \/>\nG. Gr\u00fcnthal<\/p>\n<h2 class=\"contentheading\"><strong>Definiciones de Grados de Intensidad<\/strong><\/h2>\n<p><strong>Arreglo de la escala:<\/strong><\/p>\n<ol>\n<li>Efectos en humanos<\/li>\n<li>Efectos en objetos o en la naturaleza.<\/li>\n<li>Da\u00f1os a edificio.<\/li>\n<\/ol>\n<p><strong>I. No se ha sentido<\/strong><\/p>\n<ol>\n<li>\u00a0No sentido, aun en las condiciones m\u00e1s favorables.<\/li>\n<li>\u00a0Sin efecto.<\/li>\n<li>Sin da\u00f1o.<\/li>\n<\/ol>\n<p><strong>III. D\u00e9bil<\/strong><\/p>\n<ol>\n<li>El temblor es sentido en el interior de viviendas y edificios por pocos. Personas en reposo sienten una vibraci\u00f3n lenta o temblor leve.<\/li>\n<li>Objetos colgantes se mecen levemente.<\/li>\n<li>Sin da\u00f1o.<\/li>\n<\/ol>\n<p><strong>II. Sentido apenas<\/strong><\/p>\n<ol>\n<li>El temblor es sentido solo en situaciones aisladas (&lt;1%) de los individuos en reposo y en una posici\u00f3n especialmente receptiva en el interior de un edificio o vivienda.<\/li>\n<li>Sin efecto.<\/li>\n<li>Sin da\u00f1o.<\/li>\n<\/ol>\n<p><strong>IV. Observado Ampliamente<\/strong><\/p>\n<ol>\n<li>El temblor es sentido por muchos en el interior y solo por pocos afuera de viviendas o edificios. Algunas personas se despiertan. El nivel de vibraci\u00f3n no es alarmante. La vibraci\u00f3n es moderada. Observadores sienten una leve vibraci\u00f3n del edificio, dormitorio, cama, silla, etc.<\/li>\n<li>Porcelana, vasos, ventanas y puertas se traquetean. Objetos colgantes se mecen. Muebles livianos vibran notablemente en algunos casos. Piezas de madera crujen en algunos casos.<\/li>\n<li>Sin da\u00f1o.<\/li>\n<\/ol>\n<p><strong>IV. Observado Ampliamente<\/strong><\/p>\n<ol>\n<li>El temblor es sentido por muchos en el interior y solo por pocos afuera de viviendas o edificios. Algunas personas se despiertan. El nivel de vibraci\u00f3n no es alarmante. La vibraci\u00f3n es moderada. Observadores sienten una leve vibraci\u00f3n del edificio, dormitorio, cama, silla, etc.<\/li>\n<li>\u00a0Porcelana, vasos, ventanas y puertas se traquetean. Objetos colgantes se mecen. Muebles livianos vibran notablemente en algunos casos. Piezas de madera crujen en algunos casos.<\/li>\n<li>\u00a0Sin da\u00f1o.<\/li>\n<\/ol>\n<p><strong>V. Fuerte<\/strong><\/p>\n<ol>\n<li>El temblor es sentido por casi todos en el interior y por pocos afuera de viviendas o edificios. Pocas personas se asustan y corren hacia fuera. Muchas personas se despiertan. Observadores sienten una fuerte vibraci\u00f3n del edificio, dormitorio o muebles.<\/li>\n<li>Objetos colgantes se mecen considerablemente. Porcelana y vasos resuenan (8). Los peque\u00f1os objetos que son m\u00e1s pesados en su parte de arriba o bien objetos sostenidos deficientemente se pueden mover o caer. Puerta y ventanas se abren y se cierran. En algunos casos los marcos de ventanas se pueden quebrar. Los l\u00edquidos oscilan y se pueden derramar de contenedores llenos. Animales en interiores se inquietan.<\/li>\n<li>Da\u00f1o de\u00a0 <a href=\"\/cenais\/?p=91\" target=\"_blank\" rel=\"noopener\">Grado 1<\/a> en pocos edificios vulnerables de <a href=\"\/cenais\/?p=94\" target=\"_blank\" rel=\"noopener\">Clases A y B<\/a>.<\/li>\n<\/ol>\n<p><strong>VI. Da\u00f1os leves<\/strong><\/p>\n<ol>\n<li>El temblor es sentido por casi todos en el interior y por muchos afuera de viviendas o edificios. Algunas personas pierden el balance. Muchas personas se asustan y corren hacia afuera.<\/li>\n<li>Peque\u00f1os objetos estables pueden caerse y los muebles pueden ser desplazados. En algunos casos se pueden quebrar los platos y vasos. Los animales de corral se pueden asustar (aun los que yacen afuera).<\/li>\n<li>Da\u00f1o de tipo 1 a muchos edificios de vulnerabilidad de <a href=\"\/cenais\/?p=94\" target=\"_blank\" rel=\"noopener\">Clases A y B<\/a>; pocos de <a href=\"\/cenais\/?p=94\" target=\"_blank\" rel=\"noopener\">Clases A y B<\/a> sufren da\u00f1os de <a href=\"\/cenais\/index.php\/grado-2-2\/\" target=\"_blank\" rel=\"noopener\">Grado 2<\/a>; muy pocos de la <a href=\"\/cenais\/?p=98\" target=\"_blank\" rel=\"noopener\">Clase C<\/a> sufren da\u00f1os de grado 1.<\/li>\n<\/ol>\n<p><strong>VII. Da\u00f1os<\/strong><\/p>\n<ol>\n<li>La mayor\u00eda de las personas se asustan y tratan de correr hacia afuera. A muchos les cuesta mantenerse de pie, especialmente en los pisos altos.<\/li>\n<li>Los muebles son desplazados y los muebles pesados pueden volcarse. Se caen los objetos de los entrepa\u00f1os. El agua es salpicada en los contenedores, tanques y piscinas.<\/li>\n<li>Muchos edificios vulnerables de clase A sufren da\u00f1os de <a href=\"\/cenais\/index.php\/grado-3-2\/\" target=\"_blank\" rel=\"noopener\">Grado 3<\/a> y algunos de <a href=\"\/cenais\/?p=102\" target=\"_blank\" rel=\"noopener\">Grado 4<\/a>. Muchos edificios vulnerables de <a href=\"\/cenais\/?p=104\" target=\"_blank\" rel=\"noopener\">Clase B<\/a> sufren da\u00f1os de <a href=\"\/cenais\/index.php\/grado-2-2\/\" target=\"_blank\" rel=\"noopener\">Grado 2<\/a> y pocos de <a href=\"\/cenais\/index.php\/grado-3-2\/\" target=\"_blank\" rel=\"noopener\">Grado 3<\/a>. Pocos edificios vulnerables de <a href=\"\/cenais\/?p=98\">Clases C<\/a> sufren da\u00f1os de <a href=\"\/cenais\/index.php\/grado-2-2\/\">Grado 2<\/a>. Pocos edificios vulnerables de clase D sufren da\u00f1os de <a href=\"\/cenais\/?p=91\">Grado 1<\/a>.<\/li>\n<\/ol>\n<p><strong>VIII. Da\u00f1os Severos<\/strong><\/p>\n<ol>\n<li>Mucha gente encuentra dif\u00edcil mantenerse de pie, aun afuera.<\/li>\n<li>Los muebles pueden volcarse. Se caen los objetos tales como las televisiones, m\u00e1quinas de escribir, etc. Las l\u00e1pidas pueden desplazarse o caerse. Se pueden ver ondas en suelos muy suaves.<\/li>\n<li>Muchos edificios vulnerables de <a href=\"\/cenais\/?p=106\" target=\"_blank\" rel=\"noopener\">Clase A<\/a> sufren da\u00f1os de <a href=\"\/cenais\/?p=102\" target=\"_blank\" rel=\"noopener\">Grado 4<\/a> y algunos de <a href=\"\/cenais\/?p=108\" target=\"_blank\" rel=\"noopener\">Grado 5<\/a>. Muchos edificios vulnerables de <a href=\"\/cenais\/?p=104\" target=\"_blank\" rel=\"noopener\">Clase B<\/a> sufren da\u00f1os de <a href=\"\/cenais\/index.php\/grado-3-2\/\" target=\"_blank\" rel=\"noopener\">Grado 3<\/a> y pocos de <a href=\"\/cenais\/?p=102\" target=\"_blank\" rel=\"noopener\">Grado 4<\/a>. Muchos edificios vulnerables de <a href=\"\/cenais\/?p=98\" target=\"_blank\" rel=\"noopener\">Clases C<\/a> sufren da\u00f1os de <a href=\"\/cenais\/index.php\/grado-2-2\/\" target=\"_blank\" rel=\"noopener\">Grado 2<\/a> y pocos de <a href=\"\/cenais\/index.php\/grado-3-2\/\" target=\"_blank\" rel=\"noopener\">Grado 3<\/a>. Pocos edificios vulnerables de sufren da\u00f1os de <a href=\"\/cenais\/index.php\/grado-2-2\/\" target=\"_blank\" rel=\"noopener\">Grado 2<\/a>.<\/li>\n<\/ol>\n<p><strong>IX. Destructivo<\/strong><\/p>\n<ol>\n<li>P\u00e1nico general. La gente se cae bruscamente al suelo.<\/li>\n<li>Muchos monumentos y columnas se caen o se retuercen.<\/li>\n<li>Muchos edificios vulnerables de clase A sufren da\u00f1os de <a href=\"\/cenais\/?p=108\" target=\"_blank\" rel=\"noopener\">Grado 5<\/a>. Muchos edificios vulnerables de clase B sufren da\u00f1os de <a href=\"\/cenais\/?p=102\" target=\"_blank\" rel=\"noopener\">Grado 4<\/a> y pocos de grado 5. Muchos edificios vulnerables de clase C sufren da\u00f1os de <a href=\"\/cenais\/index.php\/grado-3-2\/\" target=\"_blank\" rel=\"noopener\">Grado 3<\/a> y pocos de grado 2. Muchos edificios vulnerables de clase D sufren da\u00f1os de grado 2\u00a0 y pocos de Grado. Pocos edificios vulnerables de clase E sufren da\u00f1os de Grado 2.<\/li>\n<\/ol>\n<p><strong>X. Muy Destructivo<\/strong><\/p>\n<ol>\n<li>La mayor\u00eda de los edificios vulnerables de <a href=\"\/cenais\/?p=106\" target=\"_blank\" rel=\"noopener\">Clase A<\/a> sufren da\u00f1os de grado 5. Muchos edificios vulnerables de clase B sufren da\u00f1os de <a href=\"\/cenais\/?p=108\" target=\"_blank\" rel=\"noopener\">Grado 5<\/a>. Muchos edificios vulnerables de clase C sufren da\u00f1os de <a href=\"\/cenais\/?p=102\" target=\"_blank\" rel=\"noopener\">Grado 4<\/a> y pocos de grado 5. Muchos edificios vulnerables de <a href=\"\/cenais\/?p=110\" target=\"_blank\" rel=\"noopener\">Clase D<\/a> sufren da\u00f1os de <a href=\"\/cenais\/index.php\/grado-3-2\/\" target=\"_blank\" rel=\"noopener\">Grado 3<\/a> y pocos de grado 4. Muchos edificios vulnerables de <a href=\"\/cenais\/?p=112\" target=\"_blank\" rel=\"noopener\">Clase E <\/a>sufren da\u00f1os de <a href=\"\/cenais\/index.php\/grado-2-2\/\" target=\"_blank\" rel=\"noopener\">Grado 2<\/a> y pocos de grado 3. Pocos edificios vulnerables de clase F sufren da\u00f1os de grado 2.<\/li>\n<\/ol>\n<p><strong>XI. Devastador<\/strong><\/p>\n<ol>\n<li>La mayor\u00eda de los edificios vulnerables de <a href=\"\/cenais\/?p=104\" target=\"_blank\" rel=\"noopener\">Clase B<\/a> sufren da\u00f1os de <a href=\"\/cenais\/?p=108\" target=\"_blank\" rel=\"noopener\">Grado 5<\/a>. Muchos edificios vulnerables de <a href=\"\/cenais\/?p=98\" target=\"_blank\" rel=\"noopener\">Clase C<\/a> sufren da\u00f1os de <a href=\"\/cenais\/?p=102\" target=\"_blank\" rel=\"noopener\">Grado 4<\/a> y pocos de grado 5. Muchos edificios vulnerables de <a href=\"\/cenais\/?p=110\" target=\"_blank\" rel=\"noopener\">Clase D<\/a> sufren da\u00f1os de grado 4\u00a0 y pocos de grado 5. Muchos edificios vulnerables de <a href=\"\/cenais\/?p=112\" target=\"_blank\" rel=\"noopener\">Clase E<\/a> sufren da\u00f1os de <a href=\"\/cenais\/index.php\/grado-3-2\/\" target=\"_blank\" rel=\"noopener\">Grado 3<\/a> y pocos de grado 4. <span dir=\"ltr\">Muchos edificios de clase de vulnerabilidad<\/span><span dir=\"ltr\"> F sufren da\u00f1os de grado 2 y algunos pocos <\/span><span dir=\"ltr\">de grado 3<\/span>.<\/li>\n<\/ol>\n<p><strong>XII. Totalmente Devastador<\/strong><\/p>\n<ol>\n<li>Todos los edificios vulnerables de <a href=\"\/cenais\/?p=94\" target=\"_blank\" rel=\"noopener\">Clases A y\u00a0 B<\/a> y pr\u00e1cticamente todos los de <a href=\"\/cenais\/?p=98\" target=\"_blank\" rel=\"noopener\">Clase C<\/a> quedan destruidos. La mayor\u00eda de los edificios de las <a href=\"\/cenais\/?p=116\" target=\"_blank\" rel=\"noopener\">Clase D,E y F\u00a0<\/a> quedan destruidos. Los efectos del terremoto han alcanzado los efectos m\u00e1ximos concebibles.<\/li>\n<\/ol>\n","protected":false},"excerpt":{"rendered":"<p>EMS &#8211; 98 Editor G. Gr\u00fcnthal Definiciones de Grados de Intensidad Arreglo de la escala: Efectos en humanos Efectos en objetos o en la naturaleza. Da\u00f1os a edificio. I. No se ha sentido \u00a0No sentido, aun en las condiciones m\u00e1s favorables. \u00a0Sin efecto. Sin da\u00f1o. III. D\u00e9bil El temblor es sentido en el interior de [&hellip;]<\/p>\n","protected":false},"author":1,"featured_media":0,"parent":0,"menu_order":0,"comment_status":"closed","ping_status":"closed","template":"","meta":{"footnotes":""},"class_list":["post-120","page","type-page","status-publish","hentry"],"_links":{"self":[{"href":"https:\/\/www.cenais.gob.cu\/cenais\/index.php?rest_route=\/wp\/v2\/pages\/120","targetHints":{"allow":["GET"]}}],"collection":[{"href":"https:\/\/www.cenais.gob.cu\/cenais\/index.php?rest_route=\/wp\/v2\/pages"}],"about":[{"href":"https:\/\/www.cenais.gob.cu\/cenais\/index.php?rest_route=\/wp\/v2\/types\/page"}],"author":[{"embeddable":true,"href":"https:\/\/www.cenais.gob.cu\/cenais\/index.php?rest_route=\/wp\/v2\/users\/1"}],"replies":[{"embeddable":true,"href":"https:\/\/www.cenais.gob.cu\/cenais\/index.php?rest_route=%2Fwp%2Fv2%2Fcomments&post=120"}],"version-history":[{"count":233,"href":"https:\/\/www.cenais.gob.cu\/cenais\/index.php?rest_route=\/wp\/v2\/pages\/120\/revisions"}],"predecessor-version":[{"id":1847,"href":"https:\/\/www.cenais.gob.cu\/cenais\/index.php?rest_route=\/wp\/v2\/pages\/120\/revisions\/1847"}],"wp:attachment":[{"href":"https:\/\/www.cenais.gob.cu\/cenais\/index.php?rest_route=%2Fwp%2Fv2%2Fmedia&parent=120"}],"curies":[{"name":"wp","href":"https:\/\/api.w.org\/{rel}","templated":true}]}}